{"id":9,"date":"2019-10-05T15:11:26","date_gmt":"2019-10-05T14:11:26","guid":{"rendered":"https:\/\/the7.io\/wedding\/?page_id=2"},"modified":"2021-04-07T15:07:16","modified_gmt":"2021-04-07T15:07:16","slug":"home","status":"publish","type":"page","link":"https:\/\/heurtevent-stpaul.com\/","title":{"rendered":"Home"},"content":{"rendered":"<p>[vc_row bg_type=&#8221;grad&#8221; bg_override=&#8221;full&#8221; bg_grad=&#8221;background: -webkit-gradient(linear, left top, left bottom, color-stop(0%, #EDA4A4), color-stop(48%, #BC8C96), color-stop(100%, #EDA4A4));background: -moz-linear-gradient(left,#EDA4A4 0%,#BC8C96 48%,#EDA4A4 100%);background: -webkit-linear-gradient(left,#EDA4A4 0%,#BC8C96 48%,#EDA4A4 100%);background: -o-linear-gradient(left,#EDA4A4 0%,#BC8C96 48%,#EDA4A4 100%);background: -ms-linear-gradient(left,#EDA4A4 0%,#BC8C96 48%,#EDA4A4 100%);background: linear-gradient(left,#EDA4A4 0%,#BC8C96 48%,#EDA4A4 100%);&#8221;][vc_column][vc_column_text]<\/p>\n<h5 style=\"text-align: center;\"><span style=\"color: #ffffff;\">Assistance en cas de d\u00e9c\u00e8s 24h\/24 et 7jrs\/7 &#8211; 03 44 82 20 57<\/span><\/h5>\n<p>[\/vc_column_text][\/vc_column][\/vc_row][vc_row full_width=&#8221;stretch_row&#8221; bg_type=&#8221;bg_color&#8221; bg_color_value=&#8221;#f4e6e6&#8243;][vc_column][vc_empty_space height=&#8221;50px&#8221;][\/vc_column][\/vc_row][vc_row full_width=&#8221;stretch_row&#8221; content_placement=&#8221;middle&#8221; bg_type=&#8221;grad&#8221; bg_grad=&#8221;background: -webkit-gradient(linear, left top, left bottom, color-stop(0%, #F4E6E6), color-stop(59%, #F4E6E6), color-stop(89%, #EFEFEF), color-stop(100%, #EFEFEF));background: -moz-linear-gradient(top,#F4E6E6 0%,#F4E6E6 59%,#EFEFEF 89%,#EFEFEF 100%);background: -webkit-linear-gradient(top,#F4E6E6 0%,#F4E6E6 59%,#EFEFEF 89%,#EFEFEF 100%);background: -o-linear-gradient(top,#F4E6E6 0%,#F4E6E6 59%,#EFEFEF 89%,#EFEFEF 100%);background: -ms-linear-gradient(top,#F4E6E6 0%,#F4E6E6 59%,#EFEFEF 89%,#EFEFEF 100%);background: linear-gradient(top,#F4E6E6 0%,#F4E6E6 59%,#EFEFEF 89%,#EFEFEF 100%);&#8221;][vc_column width=&#8221;1\/6&#8243;][\/vc_column][vc_column width=&#8221;2\/3&#8243;][vc_single_image image=&#8221;684&#8243; img_size=&#8221;full&#8221; alignment=&#8221;center&#8221;][vc_empty_space height=&#8221;25px&#8221;][vc_column_text]<\/p>\n<h1 style=\"text-align: center;\">Une entreprise familiale \u00e0 votre service<\/h1>\n<p>[\/vc_column_text][vc_empty_space height=&#8221;25px&#8221;][vc_column_text]<div id=\"wpfp_e3d1fe69f3e367b859b0c8ecf75218b6\" data-item=\"{&quot;sources&quot;:[{&quot;src&quot;:&quot;https:\\\/\\\/heurtevent-stpaul.com\\\/wp-content\\\/uploads\\\/2021\\\/03\\\/AdobeStock_323027646.mp4&quot;,&quot;type&quot;:&quot;video\\\/mp4&quot;}],&quot;id&quot;:&quot;3&quot;}\" class=\"flowplayer no-brand is-splash no-svg is-paused skin-custom   no-controlbar\" data-fvautoplay=\"1\" style=\"max-width: 800px; max-height: 450px; \" data-fullscreen=\"false\" data-ratio=\"0.5625\" data-loop=\"1\">\n\t<div class=\"fp-ratio\" style=\"padding-top: 56.25%\"><\/div>\n\t<div class=\"fp-ui\"><noscript>Please enable JavaScript<\/noscript><div class=\"fp-preload\"><b><\/b><b><\/b><b><\/b><b><\/b><\/div><\/div>\n\n<\/div>\n[\/vc_column_text][vc_empty_space height=&#8221;90px&#8221;][\/vc_column][vc_column width=&#8221;1\/6&#8243;][\/vc_column][\/vc_row][vc_row full_width=&#8221;stretch_row_content&#8221; bg_type=&#8221;image&#8221; parallax_style=&#8221;vcpb-animated&#8221; bg_image_new=&#8221;id^708|url^https:\/\/heurtevent-stpaul.com\/wp-content\/uploads\/2020\/12\/footer3-scaled.jpg|caption^null|alt^null|title^footer3|description^null&#8221;][vc_column width=&#8221;1\/4&#8243; css=&#8221;.vc_custom_1607597985677{padding-right: 20px !important;padding-bottom: 20px !important;padding-left: 20px !important;background-color: rgba(255,255,255,0.5) !important;*background-color: rgb(255,255,255) !important;}&#8221;][vc_empty_space][vc_column_text]<strong>Pompes Fun\u00e8bres HEURTEVENT<br \/>\nSi\u00e8ge social<\/strong><\/p>\n<p>21 rue de l&#8217;abbaye<br \/>\n60650 SAINT-PAUL<br \/>\n03 44 82 20 57[\/vc_column_text][vc_empty_space height=&#8221;20px&#8221;][\/vc_column][vc_column width=&#8221;1\/4&#8243; css=&#8221;.vc_custom_1607598053273{padding-right: 20px !important;padding-bottom: 20px !important;padding-left: 20px !important;background-color: rgba(255,255,255,0.5) !important;*background-color: rgb(255,255,255) !important;}&#8221;][vc_empty_space][vc_column_text]<strong>Pompes Fun\u00e8bres HEURTEVENT<\/strong><\/p>\n<p>19 rue de Ferri\u00e8res<br \/>\n76 220 GOURNAY-EN-BRAY<br \/>\n02 35 09 98 13[\/vc_column_text][vc_empty_space height=&#8221;40px&#8221;][\/vc_column][vc_column width=&#8221;1\/4&#8243; css=&#8221;.vc_custom_1607597945798{padding-right: 20px !important;padding-bottom: 20px !important;padding-left: 20px !important;background-color: rgba(255,255,255,0.5) !important;*background-color: rgb(255,255,255) !important;}&#8221;][vc_empty_space][vc_column_text]<strong>Pompes Fun\u00e8bres HEURTEVENT<br \/>\nAnciennes P.F municipales<\/strong><\/p>\n<p>60110 M\u00c9RU<br \/>\n(\u00e0 c\u00f4t\u00e9 du cimeti\u00e8re)<br \/>\n03 44 52 34 30[\/vc_column_text][vc_empty_space height=&#8221;20px&#8221;][\/vc_column][vc_column width=&#8221;1\/4&#8243; css=&#8221;.vc_custom_1607598154771{padding-right: 20px !important;padding-bottom: 20px !important;padding-left: 20px !important;background-color: rgba(255,255,255,0.5) !important;*background-color: rgb(255,255,255) !important;}&#8221;][vc_empty_space][vc_column_text]<strong>Marbrerie Pompes Fun\u00e8bres<br \/>\ndu BEAUVAISIS<\/strong><\/p>\n<p>Avenue Pierre et Marie Curie<br \/>\n11, all\u00e9e Bernard de Palissy<br \/>\n60000 BEAUVAIS[\/vc_column_text][vc_empty_space height=&#8221;40px&#8221;][\/vc_column][\/vc_row]<\/p>\n","protected":false},"excerpt":{"rendered":"<p>[vc_row bg_type=&#8221;grad&#8221; bg_override=&#8221;full&#8221; bg_grad=&#8221;background: -webkit-gradient(linear, left top, left bottom, color-stop(0%, #EDA4A4), color-stop(48%, #BC8C96), color-stop(100%, #EDA4A4));background: -moz-linear-gradient(left,#EDA4A4 0%,#BC8C96 48%,#EDA4A4 100%);background: -webkit-linear-gradient(left,#EDA4A4 0%,#BC8C96 48%,#EDA4A4 100%);background: -o-linear-gradient(left,#EDA4A4 0%,#BC8C96 48%,#EDA4A4 100%);background: -ms-linear-gradient(left,#EDA4A4 0%,#BC8C96 48%,#EDA4A4 100%);background: linear-gradient(left,#EDA4A4 0%,#BC8C96 48%,#EDA4A4 100%);&#8221;][vc_column][vc_column_text] Assistance en cas de d\u00e9c\u00e8s 24h\/24 et 7jrs\/7 &#8211; 03 44 82 20 57 [\/vc_column_text][\/vc_column][\/vc_row][vc_row full_width=&#8221;stretch_row&#8221; bg_type=&#8221;bg_color&#8221; bg_color_value=&#8221;#f4e6e6&#8243;][vc_column][vc_empty_space height=&#8221;50px&#8221;][\/vc_column][\/vc_row][vc_row full_width=&#8221;stretch_row&#8221;&hellip;<\/p>\n","protected":false},"author":1,"featured_media":0,"parent":0,"menu_order":0,"comment_status":"closed","ping_status":"open","template":"template-microsite.php","meta":[],"_links":{"self":[{"href":"https:\/\/heurtevent-stpaul.com\/index.php\/wp-json\/wp\/v2\/pages\/9"}],"collection":[{"href":"https:\/\/heurtevent-stpaul.com\/index.php\/wp-json\/wp\/v2\/pages"}],"about":[{"href":"https:\/\/heurtevent-stpaul.com\/index.php\/wp-json\/wp\/v2\/types\/page"}],"author":[{"embeddable":true,"href":"https:\/\/heurtevent-stpaul.com\/index.php\/wp-json\/wp\/v2\/users\/1"}],"replies":[{"embeddable":true,"href":"https:\/\/heurtevent-stpaul.com\/index.php\/wp-json\/wp\/v2\/comments?post=9"}],"version-history":[{"count":44,"href":"https:\/\/heurtevent-stpaul.com\/index.php\/wp-json\/wp\/v2\/pages\/9\/revisions"}],"predecessor-version":[{"id":860,"href":"https:\/\/heurtevent-stpaul.com\/index.php\/wp-json\/wp\/v2\/pages\/9\/revisions\/860"}],"wp:attachment":[{"href":"https:\/\/heurtevent-stpaul.com\/index.php\/wp-json\/wp\/v2\/media?parent=9"}],"curies":[{"name":"wp","href":"https:\/\/api.w.org\/{rel}","templated":true}]}}