{"id":854,"date":"2021-04-06T09:25:21","date_gmt":"2021-04-06T09:25:21","guid":{"rendered":"https:\/\/heurtevent-stpaul.com\/?page_id=854"},"modified":"2021-04-07T08:04:51","modified_gmt":"2021-04-07T08:04:51","slug":"avis-de-deces-condoleance","status":"publish","type":"page","link":"https:\/\/heurtevent-stpaul.com\/index.php\/avis-de-deces-condoleance\/","title":{"rendered":"Avis de d\u00e9c\u00e8s &#038; Condol\u00e9ance"},"content":{"rendered":"<p>[vc_row bg_type=\u00a0\u00bbgrad\u00a0\u00bb bg_override=\u00a0\u00bbfull\u00a0\u00bb bg_grad=\u00a0\u00bbbackground: -webkit-gradient(linear, left top, left bottom, color-stop(0%, #EDA4A4), color-stop(48%, #BC8C96), color-stop(100%, #EDA4A4));background: -moz-linear-gradient(left,#EDA4A4 0%,#BC8C96 48%,#EDA4A4 100%);background: -webkit-linear-gradient(left,#EDA4A4 0%,#BC8C96 48%,#EDA4A4 100%);background: -o-linear-gradient(left,#EDA4A4 0%,#BC8C96 48%,#EDA4A4 100%);background: -ms-linear-gradient(left,#EDA4A4 0%,#BC8C96 48%,#EDA4A4 100%);background: linear-gradient(left,#EDA4A4 0%,#BC8C96 48%,#EDA4A4 100%);\u00a0\u00bb][vc_column][vc_column_text]<\/p>\n<h4 style=\"text-align: center;\"><span style=\"color: #ffffff;\">Assistance en cas de d\u00e9c\u00e8s 24h\/24 et 7jrs\/7 &#8211; 03 44 82 20 57<\/span><\/h4>\n<p>[\/vc_column_text][\/vc_column][\/vc_row][vc_row][vc_column][vc_empty_space height=\u00a0\u00bb50px\u00a0\u00bb][vc_column_text]<\/p>\n<h1>Avis de d\u00e9c\u00e8s &amp; Condol\u00e9ances<\/h1>\n<p>[\/vc_column_text][vc_empty_space height=\u00a0\u00bb50px\u00a0\u00bb][vc_raw_html]JTNDaWZyYW1lJTIwc3JjJTNEJTIyaHR0cHMlM0ElMkYlMkZhdmlzLnNvbGFzLWNvbnNlaWwuY29tJTJGYXZpcy1kZS1kZWNlcy5waHAlM0Z1aWQlM0QyOTglMjZpZnIlM0R5JTIyJTIwd2lkdGglM0QlMjIxMDAlMjUlMjIlMjBoZWlnaHQlM0QlMjI3MDBweCUyMiUyMGZyYW1lYm9yZGVyJTNEJTIyMCUyMiUyMHNjcm9sbGluZyUzRCUyMmF1dG8lMjIlM0UlM0MlMkZpZnJhbWUlM0UlMEE=[\/vc_raw_html][vc_empty_space height=\u00a0\u00bb50px\u00a0\u00bb][\/vc_column][\/vc_row]<\/p>\n","protected":false},"excerpt":{"rendered":"<p>[vc_row bg_type=\u00a0\u00bbgrad\u00a0\u00bb bg_override=\u00a0\u00bbfull\u00a0\u00bb bg_grad=\u00a0\u00bbbackground: -webkit-gradient(linear, left top, left bottom, color-stop(0%, #EDA4A4), color-stop(48%, #BC8C96), color-stop(100%, #EDA4A4));background: -moz-linear-gradient(left,#EDA4A4 0%,#BC8C96 48%,#EDA4A4 100%);background: -webkit-linear-gradient(left,#EDA4A4 0%,#BC8C96 48%,#EDA4A4 100%);background: -o-linear-gradient(left,#EDA4A4 0%,#BC8C96 48%,#EDA4A4 100%);background: -ms-linear-gradient(left,#EDA4A4 0%,#BC8C96 48%,#EDA4A4 100%);background: linear-gradient(left,#EDA4A4 0%,#BC8C96 48%,#EDA4A4 100%);\u00a0\u00bb][vc_column][vc_column_text] Assistance en cas de d\u00e9c\u00e8s 24h\/24 et 7jrs\/7 &#8211; 03 44 82 20 57 [\/vc_column_text][\/vc_column][\/vc_row][vc_row][vc_column][vc_empty_space height=\u00a0\u00bb50px\u00a0\u00bb][vc_column_text] Avis de d\u00e9c\u00e8s &amp;&hellip;<\/p>\n","protected":false},"author":1,"featured_media":0,"parent":0,"menu_order":0,"comment_status":"closed","ping_status":"open","template":"template-microsite.php","meta":{"footnotes":""},"class_list":["post-854","page","type-page","status-publish","hentry","description-off"],"_links":{"self":[{"href":"https:\/\/heurtevent-stpaul.com\/index.php\/wp-json\/wp\/v2\/pages\/854","targetHints":{"allow":["GET"]}}],"collection":[{"href":"https:\/\/heurtevent-stpaul.com\/index.php\/wp-json\/wp\/v2\/pages"}],"about":[{"href":"https:\/\/heurtevent-stpaul.com\/index.php\/wp-json\/wp\/v2\/types\/page"}],"author":[{"embeddable":true,"href":"https:\/\/heurtevent-stpaul.com\/index.php\/wp-json\/wp\/v2\/users\/1"}],"replies":[{"embeddable":true,"href":"https:\/\/heurtevent-stpaul.com\/index.php\/wp-json\/wp\/v2\/comments?post=854"}],"version-history":[{"count":2,"href":"https:\/\/heurtevent-stpaul.com\/index.php\/wp-json\/wp\/v2\/pages\/854\/revisions"}],"predecessor-version":[{"id":856,"href":"https:\/\/heurtevent-stpaul.com\/index.php\/wp-json\/wp\/v2\/pages\/854\/revisions\/856"}],"wp:attachment":[{"href":"https:\/\/heurtevent-stpaul.com\/index.php\/wp-json\/wp\/v2\/media?parent=854"}],"curies":[{"name":"wp","href":"https:\/\/api.w.org\/{rel}","templated":true}]}}