{"id":843,"date":"2021-03-30T16:25:39","date_gmt":"2021-03-30T16:25:39","guid":{"rendered":"https:\/\/heurtevent-stpaul.com\/?page_id=843"},"modified":"2021-03-30T16:26:26","modified_gmt":"2021-03-30T16:26:26","slug":"devis-obseques","status":"publish","type":"page","link":"https:\/\/heurtevent-stpaul.com\/index.php\/devis-obseques\/","title":{"rendered":"Devis obs\u00e8ques"},"content":{"rendered":"<p>[vc_row][vc_column][vc_column_text]<\/p>\n<h1>Devis obs\u00e8ques<\/h1>\n<p>[\/vc_column_text][vc_empty_space][vc_column_text]<\/p>\n<div class=\"caldera-grid\" id=\"caldera_form_1\" data-cf-ver=\"1.9.4\" data-cf-form-id=\"CF605da147c1621\"><div id=\"caldera_notices_1\" data-spinner=\"https:\/\/heurtevent-stpaul.com\/wp-admin\/images\/spinner.gif\"><\/div><form data-instance=\"1\" class=\"CF605da147c1621 caldera_forms_form cfajax-trigger\" method=\"POST\" enctype=\"multipart\/form-data\" id=\"CF605da147c1621_1\" data-form-id=\"CF605da147c1621\" aria-label=\"Devis Obs&egrave;ques\" data-target=\"#caldera_notices_1\" data-template=\"#cfajax_CF605da147c1621-tmpl\" data-cfajax=\"CF605da147c1621\" data-load-element=\"_parent\" data-load-class=\"cf_processing\" data-post-disable=\"0\" data-action=\"cf_process_ajax_submit\" data-request=\"https:\/\/heurtevent-stpaul.com\/cf-api\/CF605da147c1621\" data-hiderows=\"true\">\r\n<input type=\"hidden\" id=\"_cf_verify_CF605da147c1621\" name=\"_cf_verify\" value=\"6d3448f594\"  data-nonce-time=\"1776031989\" \/><input type=\"hidden\" name=\"_wp_http_referer\" value=\"\/index.php\/wp-json\/wp\/v2\/pages\/843\" \/><div id=\"cf2-CF605da147c1621_1\"><\/div><input type=\"hidden\" name=\"_cf_frm_id\" value=\"CF605da147c1621\">\r\n<input type=\"hidden\" name=\"_cf_frm_ct\" value=\"1\">\r\n<input type=\"hidden\" name=\"cfajax\" value=\"CF605da147c1621\">\r\n<input type=\"hidden\" name=\"_cf_cr_pst\" value=\"843\">\r\n<div class=\"hide\" style=\"display:none; overflow:hidden;height:0;width:0;\">\r\n<label>Company<\/label><input type=\"text\" name=\"company\" value=\"\" autocomplete=\"off\">\r\n<\/div><div id=\"CF605da147c1621_1-row-1\"  class=\"row  first_row\"><div  class=\"col-sm-12  single\"><div class=\"\"><h2>Demandez votre devis Obs\u00e8ques<br \/>\n(gratuit et sans engagement)<\/p>\n<h2\/>\n<\/div><\/div><\/div><div id=\"CF605da147c1621_1-row-2\"  class=\"row \"><div  class=\"col-sm-6  first_col\"><div class=\"\"><h3>Personne concern\u00e9e<\/p>\n<h3\/>\n<\/div><\/div><div  class=\"col-sm-3 \"><\/div><div  class=\"col-sm-3  last_col\"><\/div><\/div><div id=\"CF605da147c1621_1-row-3\"  class=\"row \"><div  class=\"col-sm-3  first_col\"><div data-field-wrapper=\"fld_3040022\" class=\"form-group\" id=\"fld_3040022_1-wrap\">\r\n\t<label id=\"fld_3040022Label\" for=\"fld_3040022_1\" class=\"control-label\">Civilit\u00e9 <span aria-hidden=\"true\" role=\"presentation\" class=\"field_required\" style=\"color:#ee0000;\">*<\/span><\/label>\r\n\t<div class=\"\">\r\n\t\t<select name=\"fld_3040022\" value=\"opt1593930\" data-field=\"fld_3040022\" class=\"form-control\" id=\"fld_3040022_1\"  required=\"required\"  aria-labelledby=\"fld_3040022Label\" >\n\t\t\t\t\t\t\t<option value=\"Selectionnez\" selected=\"selected\" data-calc-value=\"Selectionnez\" >\n\t\t\t\t\t\tSelectionnez\t\t\t\t\t<\/option>\n\t\t\t\t\t\t\t\t\t\t<option value=\"Mlle\"  data-calc-value=\"Mlle\" >\n\t\t\t\t\t\tMlle\t\t\t\t\t<\/option>\n\t\t\t\t\t\t\t\t\t\t<option value=\"Mme\"  data-calc-value=\"Mme\" >\n\t\t\t\t\t\tMme\t\t\t\t\t<\/option>\n\t\t\t\t\t\t\t\t\t\t<option value=\"Mr\"  data-calc-value=\"Mr\" >\n\t\t\t\t\t\tMr\t\t\t\t\t<\/option>\n\t\t\t\t\t\t\t<\/select>\n\t\t\t<\/div>\r\n<\/div>\r\n<div data-field-wrapper=\"fld_5062064\" class=\"form-group\" id=\"fld_5062064_1-wrap\">\r\n\t<label id=\"fld_5062064Label\" for=\"fld_5062064_1\" class=\"control-label\">Adresse <span aria-hidden=\"true\" role=\"presentation\" class=\"field_required\" style=\"color:#ee0000;\">*<\/span><\/label>\r\n\t<div class=\"\">\r\n\t\t<input   required type=\"text\" data-field=\"fld_5062064\" class=\" form-control\" id=\"fld_5062064_1\" name=\"fld_5062064\" value=\"\" data-type=\"text\" aria-required=\"true\"   aria-labelledby=\"fld_5062064Label\" >\t\t\t<\/div>\r\n<\/div>\r\n<div data-field-wrapper=\"fld_9813856\" class=\"form-group\" id=\"fld_9813856_1-wrap\">\r\n\t<label id=\"fld_9813856Label\" for=\"fld_9813856_1\" class=\"control-label\">Date de naissance<\/label>\r\n\t<div class=\"\">\r\n\t\t<input    type=\"date\" data-field=\"fld_9813856\" class=\" form-control\" id=\"fld_9813856_1\" name=\"fld_9813856\" value=\"\" data-type=\"date\"   aria-labelledby=\"fld_9813856Label\" >\t\t\t<\/div>\r\n<\/div>\r\n<div data-field-wrapper=\"fld_6907338\" class=\"form-group\" id=\"fld_6907338_1-wrap\">\r\n\t<label id=\"fld_6907338Label\" for=\"fld_6907338_1\" class=\"control-label\">Cercueil <span aria-hidden=\"true\" role=\"presentation\" class=\"field_required\" style=\"color:#ee0000;\">*<\/span><\/label>\r\n\t<div class=\"\">\r\n\t\t<select name=\"fld_6907338\" value=\"opt2068709\" data-field=\"fld_6907338\" class=\"form-control\" id=\"fld_6907338_1\"  required=\"required\"  aria-labelledby=\"fld_6907338Label\" >\n\t\t\t\t\t\t\t<option value=\"S\u00e9lectionnez\" selected=\"selected\" data-calc-value=\"S\u00e9lectionnez\" >\n\t\t\t\t\t\tS\u00e9lectionnez\t\t\t\t\t<\/option>\n\t\t\t\t\t\t\t\t\t\t<option value=\"1er prix\"  data-calc-value=\"1er prix\" >\n\t\t\t\t\t\t1er prix\t\t\t\t\t<\/option>\n\t\t\t\t\t\t\t\t\t\t<option value=\"Moyenne gamme\"  data-calc-value=\"Moyenne gamme\" >\n\t\t\t\t\t\tMoyenne gamme\t\t\t\t\t<\/option>\n\t\t\t\t\t\t\t\t\t\t<option value=\"Haut de gamme\"  data-calc-value=\"Haut de gamme\" >\n\t\t\t\t\t\tHaut de gamme\t\t\t\t\t<\/option>\n\t\t\t\t\t\t\t<\/select>\n\t\t\t<\/div>\r\n<\/div>\r\n<div data-field-wrapper=\"fld_5252856\" class=\"form-group\" id=\"fld_5252856_1-wrap\">\r\n\t<label id=\"fld_5252856Label\" for=\"fld_5252856_1\" class=\"control-label\">Type de c\u00e9r\u00e9monie <span aria-hidden=\"true\" role=\"presentation\" class=\"field_required\" style=\"color:#ee0000;\">*<\/span><\/label>\r\n\t<div class=\"\">\r\n\t\t<select name=\"fld_5252856\" value=\"opt1970876\" data-field=\"fld_5252856\" class=\"form-control\" id=\"fld_5252856_1\"  required=\"required\"  aria-labelledby=\"fld_5252856Label\" >\n\t\t\t\t\t\t\t<option value=\"S\u00e9lectionnez\" selected=\"selected\" data-calc-value=\"S\u00e9lectionnez\" >\n\t\t\t\t\t\tS\u00e9lectionnez\t\t\t\t\t<\/option>\n\t\t\t\t\t\t\t\t\t\t<option value=\"Civile\"  data-calc-value=\"Civile\" >\n\t\t\t\t\t\tCivile\t\t\t\t\t<\/option>\n\t\t\t\t\t\t\t\t\t\t<option value=\"Religieuse\"  data-calc-value=\"Religieuse\" >\n\t\t\t\t\t\tReligieuse\t\t\t\t\t<\/option>\n\t\t\t\t\t\t\t\t\t\t<option value=\"Aucune\"  data-calc-value=\"Aucune\" >\n\t\t\t\t\t\tAucune\t\t\t\t\t<\/option>\n\t\t\t\t\t\t\t<\/select>\n\t\t\t<\/div>\r\n<\/div>\r\n<\/div><div  class=\"col-sm-3 \"><div data-field-wrapper=\"fld_6328924\" class=\"form-group\" id=\"fld_6328924_1-wrap\">\r\n\t<label id=\"fld_6328924Label\" for=\"fld_6328924_1\" class=\"control-label\">Nom <span aria-hidden=\"true\" role=\"presentation\" class=\"field_required\" style=\"color:#ee0000;\">*<\/span><\/label>\r\n\t<div class=\"\">\r\n\t\t<input   required type=\"text\" data-field=\"fld_6328924\" class=\" form-control\" id=\"fld_6328924_1\" name=\"fld_6328924\" value=\"\" data-type=\"text\" aria-required=\"true\"   aria-labelledby=\"fld_6328924Label\" >\t\t\t<\/div>\r\n<\/div>\r\n<div data-field-wrapper=\"fld_3937897\" class=\"form-group\" id=\"fld_3937897_1-wrap\">\r\n\t<label id=\"fld_3937897Label\" for=\"fld_3937897_1\" class=\"control-label\">Code postal <span aria-hidden=\"true\" role=\"presentation\" class=\"field_required\" style=\"color:#ee0000;\">*<\/span><\/label>\r\n\t<div class=\"\">\r\n\t\t<input  data-inputmask=\"'mask': '99999'\"  required type=\"number\" data-field=\"fld_3937897\" class=\" form-control\" id=\"fld_3937897_1\" name=\"fld_3937897\" value=\"\" data-type=\"number\" data-parsley-type=\"number\" aria-required=\"true\"   aria-labelledby=\"fld_3937897Label\" >\t\t\t<\/div>\r\n<\/div>\r\n<div data-field-wrapper=\"fld_8378530\" class=\"form-group\" id=\"fld_8378530_1-wrap\">\r\n\t<label id=\"fld_8378530Label\" for=\"fld_8378530_1\" class=\"control-label\">Situation de la personne<\/label>\r\n\t<div class=\"\">\r\n\t\t<select name=\"fld_8378530\" value=\"opt1579910\" data-field=\"fld_8378530\" class=\"form-control\" id=\"fld_8378530_1\"    aria-labelledby=\"fld_8378530Label\" >\n\t\t\t\t\t\t\t<option value=\"S\u00e9lectionnez\" selected=\"selected\" data-calc-value=\"S\u00e9lectionnez\" >\n\t\t\t\t\t\tS\u00e9lectionnez\t\t\t\t\t<\/option>\n\t\t\t\t\t\t\t\t\t\t<option value=\"Fin de vie\"  data-calc-value=\"Fin de vie\" >\n\t\t\t\t\t\tFin de vie\t\t\t\t\t<\/option>\n\t\t\t\t\t\t\t\t\t\t<option value=\"D\u00e9c\u00e8s\"  data-calc-value=\"D\u00e9c\u00e8s\" >\n\t\t\t\t\t\tD\u00e9c\u00e8s\t\t\t\t\t<\/option>\n\t\t\t\t\t\t\t\t\t\t<option value=\"Autre\"  data-calc-value=\"Autre\" >\n\t\t\t\t\t\tAutre\t\t\t\t\t<\/option>\n\t\t\t\t\t\t\t<\/select>\n\t\t\t<\/div>\r\n<\/div>\r\n<div data-field-wrapper=\"fld_5192025\" class=\"form-group\" id=\"fld_5192025_1-wrap\">\r\n\t<label id=\"fld_5192025Label\" for=\"fld_5192025_1\" class=\"control-label\">Repos du corps <span aria-hidden=\"true\" role=\"presentation\" class=\"field_required\" style=\"color:#ee0000;\">*<\/span><\/label>\r\n\t<div class=\"\">\r\n\t\t<select name=\"fld_5192025\" value=\"opt2001949\" data-field=\"fld_5192025\" class=\"form-control\" id=\"fld_5192025_1\"  required=\"required\"  aria-labelledby=\"fld_5192025Label\" >\n\t\t\t\t\t\t\t<option value=\"S\u00e9lectionnez\" selected=\"selected\" data-calc-value=\"S\u00e9lectionnez\" >\n\t\t\t\t\t\tS\u00e9lectionnez\t\t\t\t\t<\/option>\n\t\t\t\t\t\t\t\t\t\t<option value=\"Chambre fun\u00e9raire\"  data-calc-value=\"Chambre fun\u00e9raire\" >\n\t\t\t\t\t\tChambre fun\u00e9raire\t\t\t\t\t<\/option>\n\t\t\t\t\t\t\t\t\t\t<option value=\"\u00c0 domicile\"  data-calc-value=\"\u00c0 domicile\" >\n\t\t\t\t\t\t\u00c0 domicile\t\t\t\t\t<\/option>\n\t\t\t\t\t\t\t<\/select>\n\t\t\t<\/div>\r\n<\/div>\r\n<div data-field-wrapper=\"fld_2507262\" class=\"form-group\" id=\"fld_2507262_1-wrap\">\r\n\t<label id=\"fld_2507262Label\" for=\"fld_2507262_1\" class=\"control-label\">Emplacement<\/label>\r\n\t<div class=\"\">\r\n\t\t<select name=\"fld_2507262\" value=\"opt1212960\" data-field=\"fld_2507262\" class=\"form-control\" id=\"fld_2507262_1\"    aria-labelledby=\"fld_2507262Label\" >\n\t\t\t\t\t\t\t<option value=\"S\u00e9lectionnez\" selected=\"selected\" data-calc-value=\"S\u00e9lectionnez\" >\n\t\t\t\t\t\tS\u00e9lectionnez\t\t\t\t\t<\/option>\n\t\t\t\t\t\t\t\t\t\t<option value=\"Concession (caveau existant)\"  data-calc-value=\"Concession (caveau existant)\" >\n\t\t\t\t\t\tConcession (caveau existant)\t\t\t\t\t<\/option>\n\t\t\t\t\t\t\t\t\t\t<option value=\"Pleine terre\"  data-calc-value=\"Pleine terre\" >\n\t\t\t\t\t\tPleine terre\t\t\t\t\t<\/option>\n\t\t\t\t\t\t\t\t\t\t<option value=\"Site cin\u00e9raire\"  data-calc-value=\"Site cin\u00e9raire\" >\n\t\t\t\t\t\tSite cin\u00e9raire\t\t\t\t\t<\/option>\n\t\t\t\t\t\t\t\t\t\t<option value=\"Aucun\"  data-calc-value=\"Aucun\" >\n\t\t\t\t\t\tAucun\t\t\t\t\t<\/option>\n\t\t\t\t\t\t\t<\/select>\n\t\t\t<\/div>\r\n<\/div>\r\n<\/div><div  class=\"col-sm-3 \"><div data-field-wrapper=\"fld_9572139\" class=\"form-group\" id=\"fld_9572139_1-wrap\">\r\n\t<label id=\"fld_9572139Label\" for=\"fld_9572139_1\" class=\"control-label\">Pr\u00e9nom <span aria-hidden=\"true\" role=\"presentation\" class=\"field_required\" style=\"color:#ee0000;\">*<\/span><\/label>\r\n\t<div class=\"\">\r\n\t\t<input  data-inputmask=\"'mask': '[a{*}]'\"  required type=\"text\" data-field=\"fld_9572139\" class=\" form-control\" id=\"fld_9572139_1\" name=\"fld_9572139\" value=\"\" data-type=\"text\" aria-required=\"true\"   aria-labelledby=\"fld_9572139Label\" >\t\t\t<\/div>\r\n<\/div>\r\n<div data-field-wrapper=\"fld_8080224\" class=\"form-group\" id=\"fld_8080224_1-wrap\">\r\n\t<label id=\"fld_8080224Label\" for=\"fld_8080224_1\" class=\"control-label\">Ville <span aria-hidden=\"true\" role=\"presentation\" class=\"field_required\" style=\"color:#ee0000;\">*<\/span><\/label>\r\n\t<div class=\"\">\r\n\t\t<input   required type=\"text\" data-field=\"fld_8080224\" class=\" form-control\" id=\"fld_8080224_1\" name=\"fld_8080224\" value=\"\" data-type=\"text\" aria-required=\"true\"   aria-labelledby=\"fld_8080224Label\" >\t\t\t<\/div>\r\n<\/div>\r\n<div data-field-wrapper=\"fld_8343726\" class=\"form-group\" id=\"fld_8343726_1-wrap\">\r\n\t<label id=\"fld_8343726Label\" for=\"fld_8343726_1\" class=\"control-label\">Type d'obs\u00e8ques <span aria-hidden=\"true\" role=\"presentation\" class=\"field_required\" style=\"color:#ee0000;\">*<\/span><\/label>\r\n\t<div class=\"\">\r\n\t\t<select name=\"fld_8343726\" value=\"opt1191914\" data-field=\"fld_8343726\" class=\"form-control\" id=\"fld_8343726_1\"  required=\"required\"  aria-labelledby=\"fld_8343726Label\" >\n\t\t\t\t\t\t\t<option value=\"S\u00e9lectionnez\" selected=\"selected\" data-calc-value=\"S\u00e9lectionnez\" >\n\t\t\t\t\t\tS\u00e9lectionnez\t\t\t\t\t<\/option>\n\t\t\t\t\t\t\t\t\t\t<option value=\"Inhumation\"  data-calc-value=\"Inhumation\" >\n\t\t\t\t\t\tInhumation\t\t\t\t\t<\/option>\n\t\t\t\t\t\t\t\t\t\t<option value=\"Cr\u00e9mation avec inhumation de l&#039;urne\"  data-calc-value=\"Cr\u00e9mation avec inhumation de l&#039;urne\" >\n\t\t\t\t\t\tCr\u00e9mation avec inhumation de l&#039;urne\t\t\t\t\t<\/option>\n\t\t\t\t\t\t\t\t\t\t<option value=\"Cr\u00e9mation avec dispersion des cendres\"  data-calc-value=\"Cr\u00e9mation avec dispersion des cendres\" >\n\t\t\t\t\t\tCr\u00e9mation avec dispersion des cendres\t\t\t\t\t<\/option>\n\t\t\t\t\t\t\t<\/select>\n\t\t\t<\/div>\r\n<\/div>\r\n<div data-field-wrapper=\"fld_7795707\" class=\"form-group\" id=\"fld_7795707_1-wrap\">\r\n\t<label id=\"fld_7795707Label\" for=\"fld_7795707_1\" class=\"control-label\">Pr\u00e9sentation, hygi\u00e8ne<\/label>\r\n\t<div class=\"\">\r\n\t\t<select name=\"fld_7795707\" value=\"opt1855418\" data-field=\"fld_7795707\" class=\"form-control\" id=\"fld_7795707_1\"    aria-labelledby=\"fld_7795707Label\" >\n\t\t\t\t\t\t\t<option value=\"S\u00e9lectionnez\" selected=\"selected\" data-calc-value=\"S\u00e9lectionnez\" >\n\t\t\t\t\t\tS\u00e9lectionnez\t\t\t\t\t<\/option>\n\t\t\t\t\t\t\t\t\t\t<option value=\"Toilette\"  data-calc-value=\"Toilette\" >\n\t\t\t\t\t\tToilette\t\t\t\t\t<\/option>\n\t\t\t\t\t\t\t\t\t\t<option value=\"Soin\"  data-calc-value=\"Soin\" >\n\t\t\t\t\t\tSoin\t\t\t\t\t<\/option>\n\t\t\t\t\t\t\t\t\t\t<option value=\"Ne sait pas\"  data-calc-value=\"Ne sait pas\" >\n\t\t\t\t\t\tNe sait pas\t\t\t\t\t<\/option>\n\t\t\t\t\t\t\t<\/select>\n\t\t\t<\/div>\r\n<\/div>\r\n<div data-field-wrapper=\"fld_2986345\" class=\"form-group\" id=\"fld_2986345_1-wrap\">\r\n\t<label id=\"fld_2986345Label\" for=\"fld_2986345_1\" class=\"control-label\">Avis dans la presse<\/label>\r\n\t<div class=\"\">\r\n\t\t<select name=\"fld_2986345\" value=\"opt2036104\" data-field=\"fld_2986345\" class=\"form-control\" id=\"fld_2986345_1\"    aria-labelledby=\"fld_2986345Label\" >\n\t\t\t\t\t\t\t<option value=\"S\u00e9lectionnez\" selected=\"selected\" data-calc-value=\"S\u00e9lectionnez\" >\n\t\t\t\t\t\tS\u00e9lectionnez\t\t\t\t\t<\/option>\n\t\t\t\t\t\t\t\t\t\t<option value=\"Oui\"  data-calc-value=\"Oui\" >\n\t\t\t\t\t\tOui\t\t\t\t\t<\/option>\n\t\t\t\t\t\t\t\t\t\t<option value=\"Non\"  data-calc-value=\"Non\" >\n\t\t\t\t\t\tNon\t\t\t\t\t<\/option>\n\t\t\t\t\t\t\t<\/select>\n\t\t\t<\/div>\r\n<\/div>\r\n<\/div><div  class=\"col-sm-3  last_col\"><\/div><\/div><div id=\"CF605da147c1621_1-row-4\"  class=\"row \"><div  class=\"col-sm-12  single\"><hr id=\"fld_513012_1\" class=\"\" style=\"width: 100%\" \/><\/div><\/div><div id=\"CF605da147c1621_1-row-5\"  class=\"row \"><div  class=\"col-sm-3  first_col\"><div class=\"\"><h3>Coordonn\u00e9es du demandeur<\/p>\n<h3\/>\n<\/div><\/div><div  class=\"col-sm-3 \"><\/div><div  class=\"col-sm-6  last_col\"><\/div><\/div><div id=\"CF605da147c1621_1-row-6\"  class=\"row \"><div  class=\"col-sm-3  first_col\"><div data-field-wrapper=\"fld_8423309\" class=\"form-group\" id=\"fld_8423309_1-wrap\">\r\n\t<label id=\"fld_8423309Label\" for=\"fld_8423309_1\" class=\"control-label\">Civilit\u00e9 <span aria-hidden=\"true\" role=\"presentation\" class=\"field_required\" style=\"color:#ee0000;\">*<\/span><\/label>\r\n\t<div class=\"\">\r\n\t\t<select name=\"fld_8423309\" value=\"opt1593930\" data-field=\"fld_8423309\" class=\"form-control\" id=\"fld_8423309_1\"  required=\"required\"  aria-labelledby=\"fld_8423309Label\" >\n\t\t\t\t\t\t\t<option value=\"Selectionnez\" selected=\"selected\" data-calc-value=\"Selectionnez\" >\n\t\t\t\t\t\tSelectionnez\t\t\t\t\t<\/option>\n\t\t\t\t\t\t\t\t\t\t<option value=\"Mlle\"  data-calc-value=\"Mlle\" >\n\t\t\t\t\t\tMlle\t\t\t\t\t<\/option>\n\t\t\t\t\t\t\t\t\t\t<option value=\"Mme\"  data-calc-value=\"Mme\" >\n\t\t\t\t\t\tMme\t\t\t\t\t<\/option>\n\t\t\t\t\t\t\t\t\t\t<option value=\"Mr\"  data-calc-value=\"Mr\" >\n\t\t\t\t\t\tMr\t\t\t\t\t<\/option>\n\t\t\t\t\t\t\t<\/select>\n\t\t\t<\/div>\r\n<\/div>\r\n<div data-field-wrapper=\"fld_2081552\" class=\"form-group\" id=\"fld_2081552_1-wrap\">\r\n\t<label id=\"fld_2081552Label\" for=\"fld_2081552_1\" class=\"control-label\">Adresse <span aria-hidden=\"true\" role=\"presentation\" class=\"field_required\" style=\"color:#ee0000;\">*<\/span><\/label>\r\n\t<div class=\"\">\r\n\t\t<input   required type=\"text\" data-field=\"fld_2081552\" class=\" form-control\" id=\"fld_2081552_1\" name=\"fld_2081552\" value=\"\" data-type=\"text\" aria-required=\"true\"   aria-labelledby=\"fld_2081552Label\" >\t\t\t<\/div>\r\n<\/div>\r\n<div data-field-wrapper=\"fld_1647308\" class=\"form-group\" id=\"fld_1647308_1-wrap\">\r\n\t<label id=\"fld_1647308Label\" for=\"fld_1647308_1\" class=\"control-label\">T\u00e9l\u00e9phone<\/label>\r\n\t<div class=\"\">\r\n\t\t<input    type=\"tel\" data-field=\"fld_1647308\" class=\" form-control\" id=\"fld_1647308_1\" name=\"fld_1647308\" value=\"\" data-type=\"tel\"   aria-labelledby=\"fld_1647308Label\" >\t\t\t<\/div>\r\n<\/div>\r\n<\/div><div  class=\"col-sm-3 \"><div data-field-wrapper=\"fld_4823267\" class=\"form-group\" id=\"fld_4823267_1-wrap\">\r\n\t<label id=\"fld_4823267Label\" for=\"fld_4823267_1\" class=\"control-label\">Nom <span aria-hidden=\"true\" role=\"presentation\" class=\"field_required\" style=\"color:#ee0000;\">*<\/span><\/label>\r\n\t<div class=\"\">\r\n\t\t<input   required type=\"text\" data-field=\"fld_4823267\" class=\" form-control\" id=\"fld_4823267_1\" name=\"fld_4823267\" value=\"\" data-type=\"text\" aria-required=\"true\"   aria-labelledby=\"fld_4823267Label\" >\t\t\t<\/div>\r\n<\/div>\r\n<div data-field-wrapper=\"fld_6408368\" class=\"form-group\" id=\"fld_6408368_1-wrap\">\r\n\t<label id=\"fld_6408368Label\" for=\"fld_6408368_1\" class=\"control-label\">Code postal <span aria-hidden=\"true\" role=\"presentation\" class=\"field_required\" style=\"color:#ee0000;\">*<\/span><\/label>\r\n\t<div class=\"\">\r\n\t\t<input  data-inputmask=\"'mask': '99999'\"  required type=\"number\" data-field=\"fld_6408368\" class=\" form-control\" id=\"fld_6408368_1\" name=\"fld_6408368\" value=\"\" data-type=\"number\" data-parsley-type=\"number\" aria-required=\"true\"   aria-labelledby=\"fld_6408368Label\" >\t\t\t<\/div>\r\n<\/div>\r\n<div data-field-wrapper=\"fld_6170532\" class=\"form-group\" id=\"fld_6170532_1-wrap\">\r\n\t<label id=\"fld_6170532Label\" for=\"fld_6170532_1\" class=\"control-label\">Mobile <span aria-hidden=\"true\" role=\"presentation\" class=\"field_required\" style=\"color:#ee0000;\">*<\/span><\/label>\r\n\t<div class=\"\">\r\n\t\t<input   required type=\"tel\" data-field=\"fld_6170532\" class=\" form-control\" id=\"fld_6170532_1\" name=\"fld_6170532\" value=\"\" data-type=\"tel\" aria-required=\"true\"   aria-labelledby=\"fld_6170532Label\" >\t\t\t<\/div>\r\n<\/div>\r\n<\/div><div  class=\"col-sm-3 \"><div data-field-wrapper=\"fld_8028463\" class=\"form-group\" id=\"fld_8028463_1-wrap\">\r\n\t<label id=\"fld_8028463Label\" for=\"fld_8028463_1\" class=\"control-label\">Pr\u00e9nom <span aria-hidden=\"true\" role=\"presentation\" class=\"field_required\" style=\"color:#ee0000;\">*<\/span><\/label>\r\n\t<div class=\"\">\r\n\t\t<input  data-inputmask=\"'mask': '[a{*}]'\"  required type=\"text\" data-field=\"fld_8028463\" class=\" form-control\" id=\"fld_8028463_1\" name=\"fld_8028463\" value=\"\" data-type=\"text\" aria-required=\"true\"   aria-labelledby=\"fld_8028463Label\" >\t\t\t<\/div>\r\n<\/div>\r\n<div data-field-wrapper=\"fld_9619558\" class=\"form-group\" id=\"fld_9619558_1-wrap\">\r\n\t<label id=\"fld_9619558Label\" for=\"fld_9619558_1\" class=\"control-label\">Ville <span aria-hidden=\"true\" role=\"presentation\" class=\"field_required\" style=\"color:#ee0000;\">*<\/span><\/label>\r\n\t<div class=\"\">\r\n\t\t<input   required type=\"text\" data-field=\"fld_9619558\" class=\" form-control\" id=\"fld_9619558_1\" name=\"fld_9619558\" value=\"\" data-type=\"text\" aria-required=\"true\"   aria-labelledby=\"fld_9619558Label\" >\t\t\t<\/div>\r\n<\/div>\r\n<div data-field-wrapper=\"fld_3364313\" class=\"form-group\" id=\"fld_3364313_1-wrap\">\r\n\t<label id=\"fld_3364313Label\" for=\"fld_3364313_1\" class=\"control-label\">Email <span aria-hidden=\"true\" role=\"presentation\" class=\"field_required\" style=\"color:#ee0000;\">*<\/span><\/label>\r\n\t<div class=\"\">\r\n\t\t<input   required type=\"email\" data-field=\"fld_3364313\" class=\" form-control\" id=\"fld_3364313_1\" name=\"fld_3364313\" value=\"\" data-type=\"email\" aria-required=\"true\"   aria-labelledby=\"fld_3364313Label\" >\t\t\t<\/div>\r\n<\/div>\r\n<\/div><div  class=\"col-sm-3  last_col\"><\/div><\/div><div id=\"CF605da147c1621_1-row-7\"  class=\"row \"><div  class=\"col-sm-6  first_col\"><div data-field-wrapper=\"fld_1728595\" class=\"form-group\" id=\"fld_1728595_1-wrap\">\r\n\t<label id=\"fld_1728595Label\" for=\"fld_1728595_1\" class=\"control-label\">Commentaires\/informations compl\u00e9mentaires<\/label>\r\n\t<div class=\"\">\r\n\t\t<textarea name=\"fld_1728595\" value=\"\" data-field=\"fld_1728595\" class=\"form-control\" id=\"fld_1728595_1\" rows=\"4\"    aria-labelledby=\"fld_1728595Label\" ><\/textarea>\n\t\t\t<\/div>\r\n<\/div>\r\n<\/div><div  class=\"col-sm-6  last_col\"><\/div><\/div><div id=\"CF605da147c1621_1-row-8\"  class=\"row \"><div  class=\"col-sm-12  single\"><hr id=\"fld_438506_1\" class=\"\" style=\"width: 100%\" \/><\/div><\/div><div id=\"CF605da147c1621_1-row-9\"  class=\"row \"><div  class=\"col-sm-12  single\"><div class=\"\"><p>Les informations vous concernant sont n\u00e9cessaires aux fins d'ex\u00e9cution du service. Elles sont destin\u00e9es aux pompes fun\u00e8bres HEURTEVENT et ses Partenaires exclusivement. Conform\u00e9ment \u00e0 la loi \"Informatique & Libert\u00e9s\" du 6 janvier 1978, vous disposez d'un droit d'acc\u00e8s et de rectification sur ces donn\u00e9es, que vous pouvez exercer \u00e0 l'adresse suivante : heurteventmpfh@aol.com ou en adressant un courrier \u00e0 21 rue de l\u2019Abbaye 60650 Saint-Paul. <\/p>\n<p>Nous vous informons de l'existence de la liste d'opposition au d\u00e9marchage t\u00e9l\u00e9phonique \u00ab Bloctel \u00bb, sur laquelle vous pouvez vous inscrire sur le site https:\/\/conso.bloctel.fr\/<\/p>\n<p\/>\n<\/div><\/div><\/div><div id=\"CF605da147c1621_1-row-10\"  class=\"row \"><div  class=\"col-sm-12  single\"><hr id=\"fld_8045954_1\" class=\"\" style=\"width: 100%\" \/><\/div><\/div><div id=\"CF605da147c1621_1-row-11\"  class=\"row \"><div  class=\"col-sm-12  single\"><div data-field-wrapper=\"fld_5254500\" class=\"form-group\" id=\"fld_5254500_1-wrap\">\r\n<div class=\"\">\r\n\n<div class=\"checkbox-inline caldera-forms-consent-field\">\n    <input data-parsley-required=\"true\" data-parsley-group=\"fld_5254500_1\" data-parsley-multiple=\"fld_5254500_1\"        type=\"checkbox\" data-label=\"Acceptation\"\n        data-field=\"fld_5254500\"\n        id=\"fld_5254500_1\"\n        class=\"fld_5254500_1 option-required\"\n        name=\"fld_5254500\"\n        value=\"1\"\n        data-type=\"checkbox\"\n        data-checkbox-field=\"fld_5254500_1\"\n    >\n    <label for=\"fld_5254500_1\"\n           class=\"caldera-forms-gdpr-field-label\"\n           style=\"display:inline; margin-left: 0.5rem;\"\n    >\n                <p\n            class=\"caldera-forms-consent-field-agreement\"\n        >\n            En soumettant ce formulaire, j\u2019accepte que les informations saisies soient exploit\u00e9es dans le cadre de la demande de devis et de la relation commerciale qui en d\u00e9coulent.\n\u00ab Vous devez cliquer sur la case de consentement ci-dessus avant de pouvoir envoyer votre demande \u00bb        <\/p>\n        <a href=\"https:\/\/heurtevent-stpaul.com\/index.php\/mention-legales\/\"\n           target=\"_blank\"\n                title=\"Page de politique de confidentialit\u00e9\"\n            class=\"caldera-forms-consent-field-linked_text\"\n            >\n            https:\/\/heurtevent-stpaul.com\/index.php\/mentions-legales\/        <\/a>\n    <\/label>\n    <span style=\"color:#ff0000;\">*<\/span>\n<\/div>\n\n<\/div>\r\n<\/div>\r\n<\/div><\/div><div id=\"CF605da147c1621_1-row-12\"  class=\"row  last_row\"><div  class=\"col-sm-12  single\"><div data-field-wrapper=\"fld_9867163\" class=\"form-group\" id=\"fld_9867163_1-wrap\">\r\n\t<label class=\"control-label\">&nbsp;<\/label>\n<div class=\"\">\r\n\t<input  class=\"btn btn-default\" type=\"submit\" name=\"fld_9867163\" id=\"fld_9867163_1\" value=\"Envoyer\" data-field=\"fld_9867163\"  >\n<\/div>\r\n<\/div>\r\n\t<input class=\"button_trigger_1\" type=\"hidden\" name=\"fld_9867163\" id=\"fld_9867163_1_btn\" value=\"\" data-field=\"fld_9867163\"  \/>\n<\/div><\/div><\/form>\r\n<\/div>\r\n\n<p>[\/vc_column_text][\/vc_column][\/vc_row]<\/p>\n","protected":false},"excerpt":{"rendered":"<p>[vc_row][vc_column][vc_column_text] Devis obs\u00e8ques [\/vc_column_text][vc_empty_space][vc_column_text] [\/vc_column_text][\/vc_column][\/vc_row]<\/p>\n","protected":false},"author":1,"featured_media":0,"parent":0,"menu_order":0,"comment_status":"closed","ping_status":"open","template":"","meta":[],"_links":{"self":[{"href":"https:\/\/heurtevent-stpaul.com\/index.php\/wp-json\/wp\/v2\/pages\/843"}],"collection":[{"href":"https:\/\/heurtevent-stpaul.com\/index.php\/wp-json\/wp\/v2\/pages"}],"about":[{"href":"https:\/\/heurtevent-stpaul.com\/index.php\/wp-json\/wp\/v2\/types\/page"}],"author":[{"embeddable":true,"href":"https:\/\/heurtevent-stpaul.com\/index.php\/wp-json\/wp\/v2\/users\/1"}],"replies":[{"embeddable":true,"href":"https:\/\/heurtevent-stpaul.com\/index.php\/wp-json\/wp\/v2\/comments?post=843"}],"version-history":[{"count":2,"href":"https:\/\/heurtevent-stpaul.com\/index.php\/wp-json\/wp\/v2\/pages\/843\/revisions"}],"predecessor-version":[{"id":845,"href":"https:\/\/heurtevent-stpaul.com\/index.php\/wp-json\/wp\/v2\/pages\/843\/revisions\/845"}],"wp:attachment":[{"href":"https:\/\/heurtevent-stpaul.com\/index.php\/wp-json\/wp\/v2\/media?parent=843"}],"curies":[{"name":"wp","href":"https:\/\/api.w.org\/{rel}","templated":true}]}}