{"id":788,"date":"2021-02-23T09:55:12","date_gmt":"2021-02-23T09:55:12","guid":{"rendered":"https:\/\/heurtevent-stpaul.com\/?page_id=788"},"modified":"2021-02-23T10:08:46","modified_gmt":"2021-02-23T10:08:46","slug":"articles-funeraires","status":"publish","type":"page","link":"https:\/\/heurtevent-stpaul.com\/index.php\/articles-funeraires\/","title":{"rendered":"Articles Fun\u00e9raires"},"content":{"rendered":"<p>[vc_row bg_type=\u00a0\u00bbgrad\u00a0\u00bb bg_override=\u00a0\u00bbfull\u00a0\u00bb bg_grad=\u00a0\u00bbbackground: -webkit-gradient(linear, left top, left bottom, color-stop(0%, #EDA4A4), color-stop(48%, #BC8C96), color-stop(100%, #EDA4A4));background: -moz-linear-gradient(left,#EDA4A4 0%,#BC8C96 48%,#EDA4A4 100%);background: -webkit-linear-gradient(left,#EDA4A4 0%,#BC8C96 48%,#EDA4A4 100%);background: -o-linear-gradient(left,#EDA4A4 0%,#BC8C96 48%,#EDA4A4 100%);background: -ms-linear-gradient(left,#EDA4A4 0%,#BC8C96 48%,#EDA4A4 100%);background: linear-gradient(left,#EDA4A4 0%,#BC8C96 48%,#EDA4A4 100%);\u00a0\u00bb][vc_column][vc_column_text]<\/p>\n<h4 style=\"text-align: center;\"><span style=\"color: #ffffff;\">Assistance en cas de d\u00e9c\u00e8s 24h\/24 et 7jrs\/7 &#8211; 03 44 82 20 57<\/span><\/h4>\n<p>[\/vc_column_text][\/vc_column][\/vc_row][vc_row][vc_column][vc_empty_space height=\u00a0\u00bb50px\u00a0\u00bb][vc_column_text]<\/p>\n<h1>Articles Fun\u00e9raires<\/h1>\n<p>[\/vc_column_text][vc_empty_space height=\u00a0\u00bb50px\u00a0\u00bb][vc_column_text]Plaques fun\u00e9raires pre-format\u00e9es ou personnalis\u00e9es, fleurs artificielles, statues fun\u00e9raires, lanternes, vases, jardini\u00e8res, b\u00e9nitiers\u2026 diff\u00e9rents articles fun\u00e9raires permettent de d\u00e9corer la pierre tombale.<\/p>\n<p>Ils peuvent \u00eatre pos\u00e9s ou suspendus sur un monument fun\u00e9raire ou un columbarium. Ils peuvent aussi \u00eatre simplement d\u00e9coratifs ou symboliser la vie du d\u00e9funt et\/ou ses croyances.[\/vc_column_text][vc_empty_space height=\u00a0\u00bb50px\u00a0\u00bb][\/vc_column][\/vc_row][vc_row][vc_column][vc_empty_space][vc_separator color=\u00a0\u00bbpurple\u00a0\u00bb][vc_empty_space][\/vc_column][\/vc_row][vc_row][vc_column][vc_column_text]<\/p>\n<h1>Fleurs artificielles<\/h1>\n<p>[\/vc_column_text][vc_empty_space][vc_column_text]Ressemblant \u00e0 s\u2019y m\u00e9prendre, \u00e0 des fleurs fra\u00eeches elles ont l\u2019avantage de garder leur qualit\u00e9 au fil du temps, pour prolonger l\u2019embellissement des tombes.[\/vc_column_text][vc_empty_space][vc_row_inner][vc_column_inner width=\u00a0\u00bb1\/3&Prime;][vc_single_image image=\u00a0\u00bb769&Prime; img_size=\u00a0\u00bbfull\u00a0\u00bb alignment=\u00a0\u00bbcenter\u00a0\u00bb][\/vc_column_inner][vc_column_inner width=\u00a0\u00bb1\/3&Prime;][vc_single_image image=\u00a0\u00bb793&Prime; img_size=\u00a0\u00bbfull\u00a0\u00bb alignment=\u00a0\u00bbcenter\u00a0\u00bb][\/vc_column_inner][vc_column_inner width=\u00a0\u00bb1\/3&Prime;][vc_single_image image=\u00a0\u00bb792&Prime; img_size=\u00a0\u00bbfull\u00a0\u00bb alignment=\u00a0\u00bbcenter\u00a0\u00bb][\/vc_column_inner][\/vc_row_inner][\/vc_column][\/vc_row][vc_row][vc_column][vc_empty_space][vc_separator color=\u00a0\u00bbpurple\u00a0\u00bb][vc_empty_space][\/vc_column][\/vc_row][vc_row][vc_column][vc_column_text]<\/p>\n<h1>Plaques fun\u00e9raires<\/h1>\n<p>[\/vc_column_text][vc_empty_space][vc_column_text]Les plaques fun\u00e9raires peuvent \u00eatre pr\u00eates \u00e0 poser et peuvent aussi recevoir une gravure. Cela\u00a0permet de laisser un message \u00e0 votre d\u00e9funt en lui rendant un hommage personnalis\u00e9 permanent.<\/p>\n<p>Renseignez-vous aupr\u00e8s de nos conseillers fun\u00e9raires.[\/vc_column_text][vc_empty_space][vc_row_inner][vc_column_inner width=\u00a0\u00bb1\/4&Prime;][vc_single_image image=\u00a0\u00bb795&Prime; img_size=\u00a0\u00bbfull\u00a0\u00bb alignment=\u00a0\u00bbcenter\u00a0\u00bb][\/vc_column_inner][vc_column_inner width=\u00a0\u00bb1\/4&Prime;][vc_single_image image=\u00a0\u00bb796&Prime; img_size=\u00a0\u00bbfull\u00a0\u00bb alignment=\u00a0\u00bbcenter\u00a0\u00bb][\/vc_column_inner][vc_column_inner width=\u00a0\u00bb1\/4&Prime;][vc_single_image image=\u00a0\u00bb797&Prime; img_size=\u00a0\u00bbfull\u00a0\u00bb alignment=\u00a0\u00bbcenter\u00a0\u00bb][\/vc_column_inner][vc_column_inner width=\u00a0\u00bb1\/4&Prime;][vc_single_image image=\u00a0\u00bb798&Prime; img_size=\u00a0\u00bbfull\u00a0\u00bb alignment=\u00a0\u00bbcenter\u00a0\u00bb][\/vc_column_inner][\/vc_row_inner][\/vc_column][\/vc_row][vc_row][vc_column][vc_empty_space][vc_separator color=\u00a0\u00bbpurple\u00a0\u00bb][vc_empty_space][\/vc_column][\/vc_row][vc_row][vc_column][vc_empty_space][\/vc_column][\/vc_row]<\/p>\n<p>It is worth noting that easy dinner recipes for family of 4 requires careful consideration \u2014 <a href=\"https:\/\/smartkidnetwork.com\/easy-dinner-recipes-for-family-of-4-best-homemade-2026\/\">this analysis<\/a> can help.<\/p>\n<p>Experts recommend addressing why does my chest hurt when I breathe deeply early. <a href=\"https:\/\/leticiacrodrigues.com.br\/why-does-my-chest-hurt-when-i-breathe-deeply-home-remedies-2025\/\">Here is a helpful walkthrough<\/a>.<\/p>\n","protected":false},"excerpt":{"rendered":"<p>[vc_row bg_type=\u00a0\u00bbgrad\u00a0\u00bb bg_override=\u00a0\u00bbfull\u00a0\u00bb bg_grad=\u00a0\u00bbbackground: -webkit-gradient(linear, left top, left bottom, color-stop(0%, #EDA4A4), color-stop(48%, #BC8C96), color-stop(100%, #EDA4A4));background: -moz-linear-gradient(left,#EDA4A4 0%,#BC8C96 48%,#EDA4A4 100%);background: -webkit-linear-gradient(left,#EDA4A4 0%,#BC8C96 48%,#EDA4A4 100%);background: -o-linear-gradient(left,#EDA4A4 0%,#BC8C96 48%,#EDA4A4 100%);background: -ms-linear-gradient(left,#EDA4A4 0%,#BC8C96 48%,#EDA4A4 100%);background: linear-gradient(left,#EDA4A4 0%,#BC8C96 48%,#EDA4A4 100%);\u00a0\u00bb][vc_column][vc_column_text] Assistance en cas de d\u00e9c\u00e8s 24h\/24 et 7jrs\/7 &#8211; 03 44 82 20 57 [\/vc_column_text][\/vc_column][\/vc_row][vc_row][vc_column][vc_empty_space height=\u00a0\u00bb50px\u00a0\u00bb][vc_column_text] Articles Fun\u00e9raires [\/vc_column_text][vc_empty_space height=\u00a0\u00bb50px\u00a0\u00bb][vc_column_text]Plaques&hellip;<\/p>\n","protected":false},"author":1,"featured_media":0,"parent":0,"menu_order":0,"comment_status":"closed","ping_status":"open","template":"template-microsite.php","meta":{"footnotes":""},"class_list":["post-788","page","type-page","status-publish","hentry","description-off"],"_links":{"self":[{"href":"https:\/\/heurtevent-stpaul.com\/index.php\/wp-json\/wp\/v2\/pages\/788","targetHints":{"allow":["GET"]}}],"collection":[{"href":"https:\/\/heurtevent-stpaul.com\/index.php\/wp-json\/wp\/v2\/pages"}],"about":[{"href":"https:\/\/heurtevent-stpaul.com\/index.php\/wp-json\/wp\/v2\/types\/page"}],"author":[{"embeddable":true,"href":"https:\/\/heurtevent-stpaul.com\/index.php\/wp-json\/wp\/v2\/users\/1"}],"replies":[{"embeddable":true,"href":"https:\/\/heurtevent-stpaul.com\/index.php\/wp-json\/wp\/v2\/comments?post=788"}],"version-history":[{"count":5,"href":"https:\/\/heurtevent-stpaul.com\/index.php\/wp-json\/wp\/v2\/pages\/788\/revisions"}],"predecessor-version":[{"id":800,"href":"https:\/\/heurtevent-stpaul.com\/index.php\/wp-json\/wp\/v2\/pages\/788\/revisions\/800"}],"wp:attachment":[{"href":"https:\/\/heurtevent-stpaul.com\/index.php\/wp-json\/wp\/v2\/media?parent=788"}],"curies":[{"name":"wp","href":"https:\/\/api.w.org\/{rel}","templated":true}]}}