{"id":780,"date":"2021-02-23T09:40:59","date_gmt":"2021-02-23T09:40:59","guid":{"rendered":"https:\/\/heurtevent-stpaul.com\/?page_id=780"},"modified":"2021-02-23T09:53:31","modified_gmt":"2021-02-23T09:53:31","slug":"marbrerie","status":"publish","type":"page","link":"https:\/\/heurtevent-stpaul.com\/index.php\/marbrerie\/","title":{"rendered":"Marbrerie"},"content":{"rendered":"<p>[vc_row bg_type=\u00a0\u00bbgrad\u00a0\u00bb bg_override=\u00a0\u00bbfull\u00a0\u00bb bg_grad=\u00a0\u00bbbackground: -webkit-gradient(linear, left top, left bottom, color-stop(0%, #EDA4A4), color-stop(48%, #BC8C96), color-stop(100%, #EDA4A4));background: -moz-linear-gradient(left,#EDA4A4 0%,#BC8C96 48%,#EDA4A4 100%);background: -webkit-linear-gradient(left,#EDA4A4 0%,#BC8C96 48%,#EDA4A4 100%);background: -o-linear-gradient(left,#EDA4A4 0%,#BC8C96 48%,#EDA4A4 100%);background: -ms-linear-gradient(left,#EDA4A4 0%,#BC8C96 48%,#EDA4A4 100%);background: linear-gradient(left,#EDA4A4 0%,#BC8C96 48%,#EDA4A4 100%);\u00a0\u00bb][vc_column][vc_column_text]<\/p>\n<h4 style=\"text-align: center;\"><span style=\"color: #ffffff;\">Assistance en cas de d\u00e9c\u00e8s 24h\/24 et 7jrs\/7 &#8211; 03 44 82 20 57<\/span><\/h4>\n<p>[\/vc_column_text][\/vc_column][\/vc_row][vc_row][vc_column][vc_empty_space height=\u00a0\u00bb50px\u00a0\u00bb][vc_column_text]<\/p>\n<h1>Marbrerie<\/h1>\n<p>[\/vc_column_text][vc_empty_space height=\u00a0\u00bb50px\u00a0\u00bb][vc_column_text]Le lieu de souvenir et de recueillement choisi pour l\u2019inhumation doit pouvoir accueillir dignement la s\u00e9pulture. Nous vous proposons toute notre gamme de monuments fun\u00e9raires\u00a0:<\/p>\n<ul>\n<li><strong>pierres tombales, <\/strong><\/li>\n<li><strong>caveaux, <\/strong><\/li>\n<li><strong>cavurnes et caveautins<\/strong> (petits caveaux destin\u00e9s \u00e0 recueillir une urne fun\u00e9raire).<\/li>\n<\/ul>\n<p>[\/vc_column_text][vc_empty_space height=\u00a0\u00bb50px\u00a0\u00bb][\/vc_column][\/vc_row][vc_row][vc_column][vc_empty_space][vc_separator color=\u00a0\u00bbpurple\u00a0\u00bb][vc_empty_space][\/vc_column][\/vc_row][vc_row][vc_column][vc_column_text]<\/p>\n<h1>Caveaux<\/h1>\n<p>[\/vc_column_text][vc_empty_space][vc_column_text]Le caveau est la partie de l&rsquo;\u00e9difice fun\u00e9raire enterr\u00e9e.<br \/>\nLe caveau fun\u00e9raire est un monument construit dans le sol d\u2019un cimeti\u00e8re et n\u00e9cessite pr\u00e9alablement l\u2019acquisition d\u2019une concession.<br \/>\nIl est destin\u00e9 \u00e0 recevoir des cercueils et\/ou des urnes fun\u00e9raires, permettant ainsi de r\u00e9unir les membres d\u2019une m\u00eame famille.<br \/>\nA la diff\u00e9rence d\u2019une inhumation en pleine terre, le caveau prot\u00e8ge le cercueil de l\u2019humidit\u00e9 et de la pression exerc\u00e9e par le poids de la terre.<br \/>\nIl existe plusieurs types de caveaux : les caveaux b\u00e9tonn\u00e9s coul\u00e9s et les caveaux pr\u00e9fabriqu\u00e9s.<br \/>\nNous sommes habilit\u00e9s \u00e0 construire votre caveau et pouvons vous aider dans les d\u00e9marches administratives n\u00e9cessaires \u00e0 l\u2019acquisition d\u2019une concession.<br \/>\nN\u2019h\u00e9sitez pas \u00e0 nous contacter pour toute information relative \u00e0 ce sujet.[\/vc_column_text][\/vc_column][\/vc_row][vc_row][vc_column][vc_empty_space][vc_separator color=\u00a0\u00bbpurple\u00a0\u00bb][vc_empty_space][\/vc_column][\/vc_row][vc_row][vc_column][vc_column_text]<\/p>\n<h1>Le Monument Fun\u00e9raire<\/h1>\n<p>[\/vc_column_text][vc_empty_space][vc_row_inner content_placement=\u00a0\u00bbmiddle\u00a0\u00bb][vc_column_inner width=\u00a0\u00bb1\/4&Prime;][vc_single_image image=\u00a0\u00bb783&Prime; img_size=\u00a0\u00bbfull\u00a0\u00bb alignment=\u00a0\u00bbcenter\u00a0\u00bb][\/vc_column_inner][vc_column_inner width=\u00a0\u00bb3\/4&Prime;][vc_column_text]Charg\u00e9e d\u2019\u00e9motions li\u00e9es au souvenir du d\u00e9funt, la s\u00e9pulture est un lieu de recueillement pour sa famille et ses amis.<\/p>\n<p>Il existe diff\u00e9rents types de monuments fun\u00e9raires pour l\u2019inhumation ou la cr\u00e9mation. La majorit\u00e9 d\u2019entre eux sont en granit. Les monuments pour l\u2019inhumation sont destin\u00e9s \u00e0 \u00eatre plac\u00e9s sur une s\u00e9pulture pleine terre ou sur un caveau. Les monuments cin\u00e9raires (pour les urnes) pos\u00e9s sur cavurnes ou pleine terre existent \u00e9galement.[\/vc_column_text][\/vc_column_inner][\/vc_row_inner][vc_empty_space][vc_row_inner content_placement=\u00a0\u00bbmiddle\u00a0\u00bb][vc_column_inner width=\u00a0\u00bb2\/3&Prime;][vc_column_text]Les monuments mixtes sont destin\u00e9s \u00e0 recevoir les d\u00e9pouilles des diff\u00e9rents membres d\u2019une m\u00eame famille qu\u2019ils aient \u00e9t\u00e9 cr\u00e9matis\u00e9s ou inhum\u00e9s. Ces monuments ont une partie enterr\u00e9e pour l\u2019inhumation des cercueils et une partie scell\u00e9e au monument pour accueillir les urnes cin\u00e9raires.[\/vc_column_text][\/vc_column_inner][vc_column_inner width=\u00a0\u00bb1\/3&Prime;][vc_single_image image=\u00a0\u00bb784&Prime; img_size=\u00a0\u00bbfull\u00a0\u00bb alignment=\u00a0\u00bbcenter\u00a0\u00bb][\/vc_column_inner][\/vc_row_inner][vc_empty_space][vc_row_inner content_placement=\u00a0\u00bbmiddle\u00a0\u00bb][vc_column_inner width=\u00a0\u00bb1\/4&Prime;][vc_single_image image=\u00a0\u00bb763&Prime; img_size=\u00a0\u00bbfull\u00a0\u00bb alignment=\u00a0\u00bbcenter\u00a0\u00bb][\/vc_column_inner][vc_column_inner width=\u00a0\u00bb3\/4&Prime;][vc_column_text]La gravure fun\u00e9raire peut aussi \u00eatre r\u00e9alis\u00e9e sur la tombale ou sur la st\u00e8le afin de personnaliser le monument en donnant toutes les informations de la personne qui repose sur cet emplacement.[\/vc_column_text][\/vc_column_inner][\/vc_row_inner][vc_empty_space][\/vc_column][\/vc_row][vc_row][vc_column][vc_empty_space][vc_separator color=\u00a0\u00bbpurple\u00a0\u00bb][vc_empty_space][\/vc_column][\/vc_row][vc_row][vc_column][vc_column_text]<\/p>\n<h1>Entretien de s\u00e9pulture<\/h1>\n<p>[\/vc_column_text][vc_empty_space][vc_column_text]Si vous le souhaitez, nous pouvons \u00e9galement entretenir, pour vous, <strong>les tombes<\/strong> et <strong>pierres tombales<\/strong> de vos proches ou r\u00e9aliser leur fleurissement annuel selon vos souhaits.(\u00e0 date anniversaire du d\u00e9c\u00e8s, \u00e0 la Toussaint etc..).[\/vc_column_text][vc_empty_space][vc_single_image image=\u00a0\u00bb786&Prime; img_size=\u00a0\u00bbfull\u00a0\u00bb alignment=\u00a0\u00bbcenter\u00a0\u00bb][vc_empty_space][vc_column_text]<\/p>\n<p style=\"text-align: center;\">N\u2019h\u00e9sitez pas \u00e0 nous demander conseil ou un <a href=\"https:\/\/heurtevent-stpaul.com\/index.php\/nous-contacter\/\"><u>devis<\/u>.<\/a><\/p>\n<p>[\/vc_column_text][\/vc_column][\/vc_row][vc_row][vc_column][vc_empty_space][vc_separator color=\u00a0\u00bbpurple\u00a0\u00bb][vc_empty_space][\/vc_column][\/vc_row][vc_row][vc_column][vc_empty_space][\/vc_column][\/vc_row]<\/p>\n","protected":false},"excerpt":{"rendered":"<p>[vc_row bg_type=\u00a0\u00bbgrad\u00a0\u00bb bg_override=\u00a0\u00bbfull\u00a0\u00bb bg_grad=\u00a0\u00bbbackground: -webkit-gradient(linear, left top, left bottom, color-stop(0%, #EDA4A4), color-stop(48%, #BC8C96), color-stop(100%, #EDA4A4));background: -moz-linear-gradient(left,#EDA4A4 0%,#BC8C96 48%,#EDA4A4 100%);background: -webkit-linear-gradient(left,#EDA4A4 0%,#BC8C96 48%,#EDA4A4 100%);background: -o-linear-gradient(left,#EDA4A4 0%,#BC8C96 48%,#EDA4A4 100%);background: -ms-linear-gradient(left,#EDA4A4 0%,#BC8C96 48%,#EDA4A4 100%);background: linear-gradient(left,#EDA4A4 0%,#BC8C96 48%,#EDA4A4 100%);\u00a0\u00bb][vc_column][vc_column_text] Assistance en cas de d\u00e9c\u00e8s 24h\/24 et 7jrs\/7 &#8211; 03 44 82 20 57 [\/vc_column_text][\/vc_column][\/vc_row][vc_row][vc_column][vc_empty_space height=\u00a0\u00bb50px\u00a0\u00bb][vc_column_text] Marbrerie [\/vc_column_text][vc_empty_space height=\u00a0\u00bb50px\u00a0\u00bb][vc_column_text]Le lieu&hellip;<\/p>\n","protected":false},"author":1,"featured_media":0,"parent":0,"menu_order":0,"comment_status":"closed","ping_status":"open","template":"template-microsite.php","meta":{"footnotes":""},"class_list":["post-780","page","type-page","status-publish","hentry","description-off"],"_links":{"self":[{"href":"https:\/\/heurtevent-stpaul.com\/index.php\/wp-json\/wp\/v2\/pages\/780","targetHints":{"allow":["GET"]}}],"collection":[{"href":"https:\/\/heurtevent-stpaul.com\/index.php\/wp-json\/wp\/v2\/pages"}],"about":[{"href":"https:\/\/heurtevent-stpaul.com\/index.php\/wp-json\/wp\/v2\/types\/page"}],"author":[{"embeddable":true,"href":"https:\/\/heurtevent-stpaul.com\/index.php\/wp-json\/wp\/v2\/users\/1"}],"replies":[{"embeddable":true,"href":"https:\/\/heurtevent-stpaul.com\/index.php\/wp-json\/wp\/v2\/comments?post=780"}],"version-history":[{"count":4,"href":"https:\/\/heurtevent-stpaul.com\/index.php\/wp-json\/wp\/v2\/pages\/780\/revisions"}],"predecessor-version":[{"id":787,"href":"https:\/\/heurtevent-stpaul.com\/index.php\/wp-json\/wp\/v2\/pages\/780\/revisions\/787"}],"wp:attachment":[{"href":"https:\/\/heurtevent-stpaul.com\/index.php\/wp-json\/wp\/v2\/media?parent=780"}],"curies":[{"name":"wp","href":"https:\/\/api.w.org\/{rel}","templated":true}]}}