{"id":754,"date":"2021-02-23T08:15:52","date_gmt":"2021-02-23T08:15:52","guid":{"rendered":"https:\/\/heurtevent-stpaul.com\/?page_id=754"},"modified":"2021-04-07T15:05:50","modified_gmt":"2021-04-07T15:05:50","slug":"service-funeraire","status":"publish","type":"page","link":"https:\/\/heurtevent-stpaul.com\/index.php\/service-funeraire\/","title":{"rendered":"Service fun\u00e9raire"},"content":{"rendered":"<p>[vc_row bg_type=\u00a0\u00bbgrad\u00a0\u00bb bg_override=\u00a0\u00bbfull\u00a0\u00bb bg_grad=\u00a0\u00bbbackground: -webkit-gradient(linear, left top, left bottom, color-stop(0%, #EDA4A4), color-stop(48%, #BC8C96), color-stop(100%, #EDA4A4));background: -moz-linear-gradient(left,#EDA4A4 0%,#BC8C96 48%,#EDA4A4 100%);background: -webkit-linear-gradient(left,#EDA4A4 0%,#BC8C96 48%,#EDA4A4 100%);background: -o-linear-gradient(left,#EDA4A4 0%,#BC8C96 48%,#EDA4A4 100%);background: -ms-linear-gradient(left,#EDA4A4 0%,#BC8C96 48%,#EDA4A4 100%);background: linear-gradient(left,#EDA4A4 0%,#BC8C96 48%,#EDA4A4 100%);\u00a0\u00bb][vc_column][vc_column_text]<\/p>\n<h4 style=\"text-align: center;\"><span style=\"color: #ffffff;\">Assistance en cas de d\u00e9c\u00e8s 24h\/24 et 7jrs\/7 &#8211; 03 44 82 20 57<\/span><\/h4>\n<p>[\/vc_column_text][\/vc_column][\/vc_row][vc_row][vc_column][vc_empty_space height=\u00a0\u00bb50px\u00a0\u00bb][vc_column_text]<\/p>\n<h1>Service fun\u00e9raire<\/h1>\n<p>[\/vc_column_text][vc_empty_space height=\u00a0\u00bb50px\u00a0\u00bb][vc_column_text]<\/p>\n<h4>Zone d&rsquo;intervention<\/h4>\n<p>Nous intervenons dans les villes de Beauvais, Saint-Paul, M\u00e9ru et Gournay-en-Bray et leurs environs, dans le d\u00e9partement de l\u2019Oise (60) et de la Seine-Maritime (76).<\/p>\n<p>&nbsp;<\/p>\n<p>Avec plus de 50 ans d\u2019exp\u00e9rience dans le domaine, nous assurons tout le d\u00e9roulement des obs\u00e8ques, depuis le transport du corps jusqu\u2019\u00e0 l\u2019enterrement en caveau ou la mise en urne (dans le cas d\u2019une cr\u00e9mation), en passant par l\u2019organisation de la c\u00e9r\u00e9monie qui sera \u00e9labor\u00e9e selon vos souhaits et dans le respect de la volont\u00e9 du d\u00e9funt.[\/vc_column_text][vc_empty_space height=\u00a0\u00bb80px\u00a0\u00bb][\/vc_column][\/vc_row][vc_row][vc_column width=\u00a0\u00bb1\/4&Prime;][vc_single_image image=\u00a0\u00bb757&Prime; img_size=\u00a0\u00bbfull\u00a0\u00bb alignment=\u00a0\u00bbcenter\u00a0\u00bb][\/vc_column][vc_column width=\u00a0\u00bb3\/4&Prime;][vc_column_text]<strong>Assistance avant obs\u00e8ques<\/strong><\/p>\n<ul>\n<li>Intervention imm\u00e9diate d&rsquo;un assistant fun\u00e9raire aupr\u00e8s des familles<\/li>\n<li>Transport avant mise en bi\u00e8re du lieu de d\u00e9c\u00e8s au fun\u00e9rarium ou au domicile<\/li>\n<li>Rapatriement (monde entier) du corps du d\u00e9funt du lieu de d\u00e9c\u00e8s \u00e0 son lieu de domicile ou chambre fun\u00e9raire<\/li>\n<\/ul>\n<p>[\/vc_column_text][\/vc_column][\/vc_row][vc_row][vc_column][vc_empty_space][vc_separator color=\u00a0\u00bbpurple\u00a0\u00bb][vc_empty_space][\/vc_column][\/vc_row][vc_row][vc_column width=\u00a0\u00bb1\/4&Prime;][vc_single_image image=\u00a0\u00bb760&Prime; img_size=\u00a0\u00bbfull\u00a0\u00bb alignment=\u00a0\u00bbcenter\u00a0\u00bb][\/vc_column][vc_column width=\u00a0\u00bb3\/4&Prime;][vc_column_text]<strong>La Pr\u00e9paration et l&rsquo;organisation des obs\u00e8ques<\/strong><\/p>\n<ul>\n<li>Organisation compl\u00e8te des obs\u00e8ques et accomplissement des d\u00e9marches aupr\u00e8s des tiers (Mairie, Cimeti\u00e8re, Police, Culte, Presse&#8230;)<\/li>\n<\/ul>\n<p>[\/vc_column_text][\/vc_column][\/vc_row][vc_row][vc_column][vc_empty_space][vc_separator color=\u00a0\u00bbpurple\u00a0\u00bb][vc_empty_space][\/vc_column][\/vc_row][vc_row][vc_column width=\u00a0\u00bb1\/4&Prime;][vc_single_image image=\u00a0\u00bb761&Prime; img_size=\u00a0\u00bbfull\u00a0\u00bb alignment=\u00a0\u00bbcenter\u00a0\u00bb][\/vc_column][vc_column width=\u00a0\u00bb3\/4&Prime;][vc_column_text]<strong>L&rsquo;hommage et la pr\u00e9sentation du d\u00e9funt<\/strong><\/p>\n<ul>\n<li>Toilette, habillage et soins de pr\u00e9sentation du corps en chambre fun\u00e9raire (selon choix de la famille).<\/li>\n<li>Mise \u00e0 disposition d&rsquo;un salon priv\u00e9 (chambre fun\u00e9raire) pour pr\u00e9senter le d\u00e9funt, se recueillir et r\u00e9unir les proches avec d\u00e9coration fun\u00e9raire<\/li>\n<\/ul>\n<p>[\/vc_column_text][\/vc_column][\/vc_row][vc_row][vc_column][vc_empty_space][vc_separator color=\u00a0\u00bbpurple\u00a0\u00bb][vc_empty_space][\/vc_column][\/vc_row][vc_row][vc_column width=\u00a0\u00bb1\/4&Prime;][vc_single_image image=\u00a0\u00bb762&Prime; img_size=\u00a0\u00bbfull\u00a0\u00bb alignment=\u00a0\u00bbcenter\u00a0\u00bb][\/vc_column][vc_column width=\u00a0\u00bb3\/4&Prime;][vc_column_text]<strong>L&rsquo;ex\u00e9cution des obs\u00e8ques<\/strong><\/p>\n<ul>\n<li>Assistance d&rsquo;un ma\u00eetre de c\u00e9r\u00e9monie pour toutes les \u00e9tapes du convoi au domicile (ou lieu de mise ne bi\u00e8re) au cimeti\u00e8re ou cr\u00e9matorium<\/li>\n<li>Choix vari\u00e9s de cercueils et de capitonnage (croix ou embl\u00e8mes, fournitures compl\u00e9mentaires&#8230;)<\/li>\n<li>V\u00e9hicules fun\u00e9raires agr\u00e9\u00e9s avec professionnels en tenue, tables et registres \u00e0 signatures<\/li>\n<li>Organisation des c\u00e9r\u00e9monies civiles ou religieuses<\/li>\n<li>Prise en charge de la famille et du d\u00e9funt selon mode de s\u00e9pulture : Inhumation ou Cr\u00e9mation<\/li>\n<\/ul>\n<p>[\/vc_column_text][\/vc_column][\/vc_row][vc_row][vc_column][vc_empty_space][vc_separator color=\u00a0\u00bbpurple\u00a0\u00bb][vc_empty_space][\/vc_column][\/vc_row][vc_row][vc_column width=\u00a0\u00bb1\/4&Prime;][vc_single_image image=\u00a0\u00bb763&Prime; img_size=\u00a0\u00bbfull\u00a0\u00bb alignment=\u00a0\u00bbcenter\u00a0\u00bb][\/vc_column][vc_column width=\u00a0\u00bb3\/4&Prime;][vc_column_text]<strong>L&rsquo;apr\u00e8s obs\u00e8ques<\/strong><\/p>\n<ul>\n<li>Aide aux d\u00e9marches administratives apr\u00e8s obs\u00e8ques<\/li>\n<li>Fleurissement entretien de s\u00e9pulture<\/li>\n<\/ul>\n<p>[\/vc_column_text][\/vc_column][\/vc_row][vc_row][vc_column][vc_empty_space][vc_separator color=\u00a0\u00bbpurple\u00a0\u00bb][vc_empty_space][\/vc_column][\/vc_row][vc_row][vc_column][vc_empty_space][\/vc_column][\/vc_row]<\/p>\n","protected":false},"excerpt":{"rendered":"<p>[vc_row bg_type=\u00a0\u00bbgrad\u00a0\u00bb bg_override=\u00a0\u00bbfull\u00a0\u00bb bg_grad=\u00a0\u00bbbackground: -webkit-gradient(linear, left top, left bottom, color-stop(0%, #EDA4A4), color-stop(48%, #BC8C96), color-stop(100%, #EDA4A4));background: -moz-linear-gradient(left,#EDA4A4 0%,#BC8C96 48%,#EDA4A4 100%);background: -webkit-linear-gradient(left,#EDA4A4 0%,#BC8C96 48%,#EDA4A4 100%);background: -o-linear-gradient(left,#EDA4A4 0%,#BC8C96 48%,#EDA4A4 100%);background: -ms-linear-gradient(left,#EDA4A4 0%,#BC8C96 48%,#EDA4A4 100%);background: linear-gradient(left,#EDA4A4 0%,#BC8C96 48%,#EDA4A4 100%);\u00a0\u00bb][vc_column][vc_column_text] Assistance en cas de d\u00e9c\u00e8s 24h\/24 et 7jrs\/7 &#8211; 03 44 82 20 57 [\/vc_column_text][\/vc_column][\/vc_row][vc_row][vc_column][vc_empty_space height=\u00a0\u00bb50px\u00a0\u00bb][vc_column_text] Service fun\u00e9raire [\/vc_column_text][vc_empty_space height=\u00a0\u00bb50px\u00a0\u00bb][vc_column_text]&hellip;<\/p>\n","protected":false},"author":1,"featured_media":0,"parent":0,"menu_order":0,"comment_status":"closed","ping_status":"open","template":"template-microsite.php","meta":{"footnotes":""},"class_list":["post-754","page","type-page","status-publish","hentry","description-off"],"_links":{"self":[{"href":"https:\/\/heurtevent-stpaul.com\/index.php\/wp-json\/wp\/v2\/pages\/754","targetHints":{"allow":["GET"]}}],"collection":[{"href":"https:\/\/heurtevent-stpaul.com\/index.php\/wp-json\/wp\/v2\/pages"}],"about":[{"href":"https:\/\/heurtevent-stpaul.com\/index.php\/wp-json\/wp\/v2\/types\/page"}],"author":[{"embeddable":true,"href":"https:\/\/heurtevent-stpaul.com\/index.php\/wp-json\/wp\/v2\/users\/1"}],"replies":[{"embeddable":true,"href":"https:\/\/heurtevent-stpaul.com\/index.php\/wp-json\/wp\/v2\/comments?post=754"}],"version-history":[{"count":8,"href":"https:\/\/heurtevent-stpaul.com\/index.php\/wp-json\/wp\/v2\/pages\/754\/revisions"}],"predecessor-version":[{"id":859,"href":"https:\/\/heurtevent-stpaul.com\/index.php\/wp-json\/wp\/v2\/pages\/754\/revisions\/859"}],"wp:attachment":[{"href":"https:\/\/heurtevent-stpaul.com\/index.php\/wp-json\/wp\/v2\/media?parent=754"}],"curies":[{"name":"wp","href":"https:\/\/api.w.org\/{rel}","templated":true}]}}