{"id":3,"date":"2020-12-01T11:57:05","date_gmt":"2020-12-01T11:57:05","guid":{"rendered":"https:\/\/heurtevent-stpaul.com\/?page_id=3"},"modified":"2024-03-11T09:41:51","modified_gmt":"2024-03-11T09:41:51","slug":"mention-legales","status":"publish","type":"page","link":"https:\/\/heurtevent-stpaul.com\/index.php\/mention-legales\/","title":{"rendered":"Mention l\u00e9gales"},"content":{"rendered":"<p>[vc_row][vc_column][vc_column_text]<strong>Nom ou Raison sociale : Pompes Fun\u00e8bres Marbrerie HEURTEVENT<\/strong><strong><br \/>\nRepr\u00e9sentants l\u00e9gaux\u00a0: 21 rue Abbaye<\/strong> 60650 SAINT-PAUL<\/p>\n<p><strong>Adresse<\/strong> <strong>\u00e9lectronique : contact@pfheurtevent.fr<\/strong><\/p>\n<p><strong>T\u00e9l\u00e9phone : <\/strong>0344822057<\/p>\n<p><strong>Forme juridique\u00a0: SAS<\/strong><\/p>\n<p><strong>Capital\u00a0: 1\u00a0000\u00a0000 \u20ac<\/strong><\/p>\n<p><strong>SIRET\u00a0: <\/strong>338119045300013<\/p>\n<p><strong>Code APE\/NAF\u00a0: <\/strong>9603Z<br \/>\n<strong>N\u00b0 d\u2019Habilitation\u00a0: <\/strong><strong>\u2026\u2026\u2026\u2026\u2026\u2026\u2026<\/strong><br \/>\n<strong>N\u00b0 ORIAS\u00a0:<\/strong> \u2026\u2026\u2026\u2026\u2026\u2026..<br \/>\n<strong>N\u00b0 d&#8217;assuj\u00e9tissement \u00e0 la TVA : FR 56381190453<\/strong><\/p>\n<table>\n<tbody>\n<tr>\n<td><\/td>\n<\/tr>\n<tr>\n<td><\/td>\n<\/tr>\n<\/tbody>\n<\/table>\n<p>&nbsp;<\/p>\n<p>&nbsp;<\/p>\n<p><strong>Directeur de r\u00e9daction et de publication : Pompes Fun\u00e8bres et Marbrerie HEURTEVENT<\/strong><\/p>\n<p><strong>\u00a0<\/strong><\/p>\n<p><strong>Confidentialit\u00e9 :<\/strong><br \/>\n<strong>Protection des donn\u00e9es personnelles (RGPD) :<\/strong><br \/>\nLes informations collect\u00e9es lors des devis et commandes feront l\u2019objet d\u2019un traitement plac\u00e9 sous la responsabilit\u00e9 de l\u2019entreprise de Pompes Fun\u00e8bres &amp; Marbrerie HURTEVENT afin d\u2019assurer la gestion contractuelle des prestations du service fun\u00e9raire et marbrerie et afin d\u2019obtenir la r\u00e9daction des documents n\u00e9cessaires aupr\u00e8s des administrations (r\u00e9daction des actes de d\u00e9c\u00e8s conform\u00e9ment \u00e0 l\u2019article 79 du code civil et autorisations officielles), tiers (culte, prestataires ext\u00e9rieurs \u00e0 l\u2019entreprise), pour le bon d\u00e9roulement des prestations. Certaines informations seront communiqu\u00e9es aupr\u00e8s de la soci\u00e9t\u00e9 en charge de la mise en oeuvre des contrats obs\u00e8ques. Les donn\u00e9es seront conserv\u00e9es 10 ans apr\u00e8s paiement des prestations en application avec la loi. Conform\u00e9ment avec la l\u00e9gislation en vigueur vous pouvez \u00e0 tout moment vous opposer \u00e0 ce traitement informatique, obtenir la communication des donn\u00e9es vous concernant et leur rectification. La demande doit \u00eatre adress\u00e9e : <strong>Pompes Fun\u00e8bres Marbrerie HEURTEVENT 21 rue Abbaye<\/strong> 60650 SAINT-PAUL<\/p>\n<p>Vous avez la possibilit\u00e9 d\u2019adresser un courrier \u00e0 la Commission Nationale de l\u2019Informatique et des Libert\u00e9s (CNIL).<\/p>\n<p><strong>R\u00e9alisation du site<\/strong>\u00a0:<br \/>\nSOLAS Conseil, SAS au capital de 4000 \u20ac &#8211; 48, rue Blaize de Maisonneuve 35400 Saint-Malo &#8211; RCS SAINT-MALO 789 859\u00a0485 \u00a0N\u00b0 TVA Intracommunautaire : FR 96789859485<br \/>\nwww.<a href=\"http:\/\/www.solas-conseil.com\">solas-conseil.com<\/a><\/p>\n<p><strong>\u00a0<\/strong><\/p>\n<p><strong>Concepteur, Constructeur du site<\/strong> :<a href=\"https:\/\/webart-creation.com\/\">webart-creation.com<\/a><\/p>\n<h4>Cr\u00e9dit photo : VIDEO\u00a0: ADOBE STOCK \u00a9 <a href=\"https:\/\/www.shutterstock.com\/fr\/video\/search?contributor=logoboom\">\u2026\u2026\u2026\u2026\u2026.<\/a><\/h4>\n<p><strong><u>Photo Fotolia.com<\/u><\/strong><strong> \/ <\/strong><a href=\"https:\/\/fr.fotolia.com\/p\/186902\">\u00a9 Mary Stark<\/a> (cercueil) \/ \u00a9 Hcast (Aromes blancs) \/ \u00a9 Darren Baker (couple senior face \u00e0 la mer) \/\u00a9 Maksim Kostenko (main tendue) \/ \u00a9Jenny Sturm (2 mains ensembles)\u00a0 \/ \u00a9mycteria (plume) \/ \u00a9SusaZoom (ponton) \/ \u00a9DoraZett (pile de galets) \/ \u00a9vouvraysan (barque rouge) \/ \/ \u00a9eyetronic (banc automne)\/ \u00a9Michael Kaiser (bouquet blanc) \/\u00a9Subbotina Anna (galets marrons orchid\u00e9e) \/ \u00a9skywing (galets noirs Orchid\u00e9es) \/ \u00a9anitasstudio (galets noirs orchid\u00e9es bleues) \/ \u00a9Pavelis (bougies) \/ \u00a9drob (gravure travail) \/ \u00a9grigvovan (bouquet rouge &amp; blanc)\/ \u00a9Kzenon (cercueil &amp; rose rouge \/ \u00a9GordonGrand (senior femme deuil) \/ \u00a9Kzenon (accueil Homme) \/ \u00a9itsmejust (Caf\u00e9 service \u00e0 la personne) \/ \u00a9auremar (aspirateur service \u00e0 la personne) \/ \u00a9M.D\u00f6rr &amp; M.Frommherz (papier service \u00e0 la personne) \/ \u00a9JPC-PROD (baguette service \u00e0 la personne) \/ \u00a9philippe Devanne (Imp\u00f4ts) \/ \u00a9JPC-PROD (papiers Homme \u00e0 lunettes) \/ \u00a9Michael Nivelet (chemises roses) \/ \u00a9philippe Devanne (s\u00e9curit\u00e9 Sociale) \/ \u00a9Alexander Raths (conseil jeune couple) \/ \u00a9jd-photodesign (femme profil face \u00e0 la mer) \/ \u00a9Robert Kneschke (mains tenues) \/ \u00a9styleuneed (pelotte bleue) \/ \u00a9PackShot (cimeti\u00e8re) \/ \u00a9lelb (femme sculpture) \/ \u00a9Vidady (allumage bougie) \/ \u00a9Velocista (homme face au ciel) \/ \u00a9sylv1rob1(contrat obs\u00e9ques), \u00a9uncanandison (signature papier),\u00a9Jenny Sturm (mains), \u00a9Monckey Business (orateur)\/ \u00a9 Robert Hoetink (Cercueil) \u00a0\/ \u00a9 Petra Beerhalter \/ Darren Baker (senior couple face mer) \/ \u00a9 CSschmuck (Urne dans feuillage) \/ \u00a9 Rynio Productions \/ \u00a9 esolla (rose past\u00e8les) \u00a9 meailleluc.com (Plaque fun\u00e9raire) \u00a9 haitaucher (lys devant cercueil)\/ \u00a9 Castenoid (bougie c\u00e9r\u00e9monie) \u00a9 sylv1rob1(Contrat Obs\u00e8ques)<\/p>\n<p><strong><u>Photos Shutterstock.com<\/u><\/strong>\u00a0\/ \u00a9 T-Design (couple) \/ \u00a9LiliGraphie (4 bouquets)\u00a0\/ \u00a9Sven Hoppe (Galets et orchid\u00e9e)\u00a0\/ <a href=\"https:\/\/www.shutterstock.com\/g\/ambientideas\">\u00a0\u00a9Ambient Ideas (stylo plume) \/ \u00a9Monkey Business Images (grand p\u00e8re, p\u00e8re et fils) \/ \u00a9Robyn Mackenzie (n\u0153ud noir)\/ \u00a9rawcapPhoto (lac turquoise)\/ \u00a9iSKYDANCER (Ar\u00f4mes)\/ \u00a9Lilkar (Feuilles automne)\/ \u00a9Olga Lyubkin (Galet sur sable)\/ \u00a9Kosarev Alexander (femme face \u00e0 la mer)\/ \u00a9Privilege (couple caf\u00e9)\/ \u00a9LoloStock (mains sur table en bois) \u00a9Castenoid <\/a>\u00a0\u00a9DeGoodluz (femme ordinateur)\/\u00a9 Darren Backer (couple senior au bord de la mer) \/\u00a9 Laszlo66 (Monuments fun\u00e9raires)\/ \u00a9 De Syda Productions (fleur de lys devant cercueil)<\/p>\n<h3><a href=\"https:\/\/www.shutterstock.com\/g\/ambientideas\">Pixabay.com\u00a0: photos libres d\u2019utilisation commerciale\/pas d\u2019attribution requise.<\/a><\/h3>\n<p>&nbsp;<\/p>\n<p><strong>M\u00e9diation de la Consommation :<\/strong><b><br \/>\n<\/b>En cas de d\u00e9saccord avec la r\u00e9ponse apport\u00e9e par le professionnel \u00e0 une r\u00e9clamation, le client-consommateur peut, dans les conditions pr\u00e9vues aux articles L612-1 et suivants du Code de la Consommation, saisir le M\u00e9diateur de la Consommation des Professions Fun\u00e9raires\u00a0par voie postale \u00e0 l\u2019adresse suivante : <strong>ANM CONSOMMATION 2 Rue de Colmar- 94300 VINCENNES,<\/strong> ou en consultant le site internet <b>ANM CONSOMMATION<\/b> et en utilisant le formulaire en ligne pr\u00e9vu \u00e0 cet effet : <strong><a href=\"https:\/\/www.anm-conso.com\/\"><b>https:\/\/www.anm-conso.com<\/b><\/a><\/strong><b>\u00a0<\/b>[\/vc_column_text][\/vc_column][\/vc_row]<\/p>\n","protected":false},"excerpt":{"rendered":"<p>[vc_row][vc_column][vc_column_text]Nom ou Raison sociale : Pompes Fun\u00e8bres Marbrerie HEURTEVENT Repr\u00e9sentants l\u00e9gaux\u00a0: 21 rue Abbaye 60650 SAINT-PAUL Adresse \u00e9lectronique : contact@pfheurtevent.fr T\u00e9l\u00e9phone : 0344822057 Forme juridique\u00a0: SAS Capital\u00a0: 1\u00a0000\u00a0000 \u20ac SIRET\u00a0: 338119045300013 Code APE\/NAF\u00a0: 9603Z N\u00b0 d\u2019Habilitation\u00a0: \u2026\u2026\u2026\u2026\u2026\u2026\u2026 N\u00b0 ORIAS\u00a0: \u2026\u2026\u2026\u2026\u2026\u2026.. N\u00b0 d&#8217;assuj\u00e9tissement \u00e0 la TVA : FR 56381190453 &nbsp; &nbsp; Directeur de r\u00e9daction et de&hellip;<\/p>\n","protected":false},"author":1,"featured_media":0,"parent":0,"menu_order":0,"comment_status":"closed","ping_status":"open","template":"","meta":[],"_links":{"self":[{"href":"https:\/\/heurtevent-stpaul.com\/index.php\/wp-json\/wp\/v2\/pages\/3"}],"collection":[{"href":"https:\/\/heurtevent-stpaul.com\/index.php\/wp-json\/wp\/v2\/pages"}],"about":[{"href":"https:\/\/heurtevent-stpaul.com\/index.php\/wp-json\/wp\/v2\/types\/page"}],"author":[{"embeddable":true,"href":"https:\/\/heurtevent-stpaul.com\/index.php\/wp-json\/wp\/v2\/users\/1"}],"replies":[{"embeddable":true,"href":"https:\/\/heurtevent-stpaul.com\/index.php\/wp-json\/wp\/v2\/comments?post=3"}],"version-history":[{"count":4,"href":"https:\/\/heurtevent-stpaul.com\/index.php\/wp-json\/wp\/v2\/pages\/3\/revisions"}],"predecessor-version":[{"id":871,"href":"https:\/\/heurtevent-stpaul.com\/index.php\/wp-json\/wp\/v2\/pages\/3\/revisions\/871"}],"wp:attachment":[{"href":"https:\/\/heurtevent-stpaul.com\/index.php\/wp-json\/wp\/v2\/media?parent=3"}],"curies":[{"name":"wp","href":"https:\/\/api.w.org\/{rel}","templated":true}]}}